{"id":21104,"date":"2024-11-20T16:20:38","date_gmt":"2024-11-20T15:20:38","guid":{"rendered":"https:\/\/genesis-biomed.com\/?page_id=21104"},"modified":"2024-11-26T12:41:05","modified_gmt":"2024-11-26T11:41:05","slug":"voz_clientes","status":"publish","type":"page","link":"https:\/\/genesis-biomed.com\/es\/sala-de-prensa\/voz_clientes\/","title":{"rendered":"Voz de los Clientes"},"content":{"rendered":"<div class=\"wpb-content-wrapper\"><p>[vc_row css_animation=\u00bb\u00bb row_type=\u00bbrow\u00bb use_row_as_full_screen_section=\u00bbno\u00bb type=\u00bbfull_width\u00bb angled_section=\u00bbno\u00bb text_align=\u00bbleft\u00bb background_image_as_pattern=\u00bbwithout_pattern\u00bb][vc_column width=\u00bb1\/4&#8243; css=\u00bb.vc_custom_1621326977121{background-color: #f7f7f7 !important;}\u00bb][vc_widget_sidebar sidebar_id=\u00bbmenu_newsroom\u00bb el_class=\u00bbmenu_press\u00bb][\/vc_column][vc_column width=\u00bb3\/4&#8243;]<div class='q_masonry_blog'><div class=\"q_masonry_blog_grid_sizer\"><\/div><div class=\"q_masonry_blog_grid_gutter\"><\/div><article class=\"post-22899 post type-post status-publish format-standard has-post-thumbnail hentry category-blog-es category-historias-de-exito-de-nuestros-clientes\"><div class=\"q_masonry_blog_post_image\"><a itemprop=\"url\" href=\"https:\/\/genesis-biomed.com\/es\/entrevista-oliver-rodriguez-directora-general-adjunta-de-la-fundacion-pasqual-maragall\/\" target=\"_self\"><img decoding=\"async\" itemprop=\"image\" src=\"https:\/\/genesis-biomed.com\/wp-content\/uploads\/2025\/06\/entrevista_gloria_oliver_es_small.jpg\" alt=\"Oliver Rodr\u00edguez - Directora General Adjunta de la Fundaci\u00f3n Pasqual Maragall\" \/><\/a><\/div><div class=\"q_masonry_blog_post_text\"><h3 itemprop=\"name\" class=\"q_masonry_blog_title entry_title\"><a itemprop=\"url\" href=\"https:\/\/genesis-biomed.com\/es\/entrevista-oliver-rodriguez-directora-general-adjunta-de-la-fundacion-pasqual-maragall\/\">Entrevista Gl\u00f2ria Oliver Rodr\u00edguez &#8211; Directora General Adjunta de la Fundaci\u00f3n Pasqual Maragall<\/a><\/h3><p itemprop=\"description\" class=\"q_masonry_blog_excerpt\">[vc_row css_animatio...<\/p><div class=\"q_masonry_blog_post_info\"><span itemprop=\"dateCreated\" class=\"time entry_date updated\">05 junio, 2025<meta itemprop=\"interactionCount\" content=\"UserComments:0\"\/><\/span><\/div><\/div><\/article><article class=\"post-21448 post type-post status-publish format-standard has-post-thumbnail hentry category-blog-es category-historias-de-exito-de-nuestros-clientes\"><div class=\"q_masonry_blog_post_image\"><a itemprop=\"url\" href=\"https:\/\/genesis-biomed.com\/es\/entrevista-maite-fibla-co-fundadora-de-ship2b-foundation-y-cofundadora-managing-partner-de-ship2b-ventures\/\" target=\"_self\"><img decoding=\"async\" itemprop=\"image\" src=\"https:\/\/genesis-biomed.com\/wp-content\/uploads\/2025\/02\/Benesis_biomed_maite_fibla_es-2.jpg\" alt=\"Entrevista Maite Fibla \u2013 Cofundadora de Ship2B Foundation y Cofundadora-Managing Partner de Ship2B Ventures\" \/><\/a><\/div><div class=\"q_masonry_blog_post_text\"><h3 itemprop=\"name\" class=\"q_masonry_blog_title entry_title\"><a itemprop=\"url\" href=\"https:\/\/genesis-biomed.com\/es\/entrevista-maite-fibla-co-fundadora-de-ship2b-foundation-y-cofundadora-managing-partner-de-ship2b-ventures\/\">Entrevista Maite Fibla. Cofundadora de Ship2B Foundation y Cofundadora\/Managing Partner de Ship2B Ventures<\/a><\/h3><p itemprop=\"description\" class=\"q_masonry_blog_excerpt\">[vc_row css_animatio...<\/p><div class=\"q_masonry_blog_post_info\"><span itemprop=\"dateCreated\" class=\"time entry_date updated\">04 febrero, 2025<meta itemprop=\"interactionCount\" content=\"UserComments:0\"\/><\/span><\/div><\/div><\/article><article class=\"post-21274 post type-post status-publish format-standard has-post-thumbnail hentry category-blog-es category-historias-de-exito-de-nuestros-clientes\"><div class=\"q_masonry_blog_post_image\"><a itemprop=\"url\" href=\"https:\/\/genesis-biomed.com\/es\/entrevista-dr-francisco-fernandez-aviles-catedratico-de-medicina-cardiovascular-de-la-ucm-y-co-fundador-de-corify-care\/\" target=\"_self\"><img decoding=\"async\" itemprop=\"image\" src=\"https:\/\/genesis-biomed.com\/wp-content\/uploads\/2025\/01\/genesis_biomed_DR_Francisoc_fernandez_aviles_es.jpg\" alt=\"Entrevista Dr. Francisco Fern\u00e1ndez-Avil\u00e9s \u2013 Catedr\u00e1tico de Medicina Cardiovascular de la Universidad Complutense y Co-fundador de Corify Care\" \/><\/a><\/div><div class=\"q_masonry_blog_post_text\"><h3 itemprop=\"name\" class=\"q_masonry_blog_title entry_title\"><a itemprop=\"url\" href=\"https:\/\/genesis-biomed.com\/es\/entrevista-dr-francisco-fernandez-aviles-catedratico-de-medicina-cardiovascular-de-la-ucm-y-co-fundador-de-corify-care\/\">Entrevista Francisco Fern\u00e1ndez-Avil\u00e9s. Catedr\u00e1tico de Medicina Cardiovascular de la UCM y Co-fundador de Corify Care<\/a><\/h3><p itemprop=\"description\" class=\"q_masonry_blog_excerpt\">[vc_row css_animatio...<\/p><div class=\"q_masonry_blog_post_info\"><span itemprop=\"dateCreated\" class=\"time entry_date updated\">16 enero, 2025<meta itemprop=\"interactionCount\" content=\"UserComments:0\"\/><\/span><\/div><\/div><\/article><article class=\"post-21079 post type-post status-publish format-standard has-post-thumbnail hentry category-blog-es category-historias-de-exito-de-nuestros-clientes\"><div class=\"q_masonry_blog_post_image\"><a itemprop=\"url\" href=\"https:\/\/genesis-biomed.com\/es\/entrevista-alfons-carnicero-ceo-y-co-fundador-de-able-human-motion\/\" target=\"_self\"><img decoding=\"async\" itemprop=\"image\" src=\"https:\/\/genesis-biomed.com\/wp-content\/uploads\/2024\/10\/genesis_biomed_entrevista_alfons_carnicero_es.jpg\" alt=\"Entrevista Alfons Carnicero \u2013CEO y Co-fundador de ABLE Human Motion\" \/><\/a><\/div><div class=\"q_masonry_blog_post_text\"><h3 itemprop=\"name\" class=\"q_masonry_blog_title entry_title\"><a itemprop=\"url\" href=\"https:\/\/genesis-biomed.com\/es\/entrevista-alfons-carnicero-ceo-y-co-fundador-de-able-human-motion\/\">Entrevista Alfons Carnicero \u2013CEO y Co-fundador de ABLE Human Motion<\/a><\/h3><p itemprop=\"description\" class=\"q_masonry_blog_excerpt\">[vc_row css_animatio...<\/p><div class=\"q_masonry_blog_post_info\"><span itemprop=\"dateCreated\" class=\"time entry_date updated\">24 octubre, 2024<meta itemprop=\"interactionCount\" content=\"UserComments:0\"\/><\/span><\/div><\/div><\/article><article class=\"post-21066 post type-post status-publish format-standard has-post-thumbnail hentry category-blog-es category-historias-de-exito-de-nuestros-clientes\"><div class=\"q_masonry_blog_post_image\"><a itemprop=\"url\" href=\"https:\/\/genesis-biomed.com\/es\/entrevista-david-segarra-ceo-y-co-fundador-de-aptatargets\/\" target=\"_self\"><img decoding=\"async\" itemprop=\"image\" src=\"https:\/\/genesis-biomed.com\/wp-content\/uploads\/2024\/10\/genesis_biomed_entrevista_david_segarra_es.jpg\" alt=\"Entrevista David Segarra \u2013 CEO y Co-fundador de aptaTargets\" \/><\/a><\/div><div class=\"q_masonry_blog_post_text\"><h3 itemprop=\"name\" class=\"q_masonry_blog_title entry_title\"><a itemprop=\"url\" href=\"https:\/\/genesis-biomed.com\/es\/entrevista-david-segarra-ceo-y-co-fundador-de-aptatargets\/\">Entrevista David Segarra \u2013 CEO y Co-fundador de aptaTargets<\/a><\/h3><p itemprop=\"description\" class=\"q_masonry_blog_excerpt\">[vc_row css_animatio...<\/p><div class=\"q_masonry_blog_post_info\"><span itemprop=\"dateCreated\" class=\"time entry_date updated\">09 octubre, 2024<meta itemprop=\"interactionCount\" content=\"UserComments:0\"\/><\/span><\/div><\/div><\/article><\/div>[\/vc_column][\/vc_row]<\/p>\n<\/div>","protected":false},"excerpt":{"rendered":"<p>[vc_row css_animation=\u00bb\u00bb row_type=\u00bbrow\u00bb use_row_as_full_screen_section=\u00bbno\u00bb type=\u00bbfull_width\u00bb angled_section=\u00bbno\u00bb text_align=\u00bbleft\u00bb background_image_as_pattern=\u00bbwithout_pattern\u00bb][vc_column width=\u00bb1\/4&#8243; css=\u00bb.vc_custom_1621326977121{background-color: #f7f7f7 !important;}\u00bb][vc_widget_sidebar sidebar_id=\u00bbmenu_newsroom\u00bb el_class=\u00bbmenu_press\u00bb][\/vc_column][vc_column width=\u00bb3\/4&#8243;][\/vc_column][\/vc_row]<\/p>\n","protected":false},"author":3,"featured_media":0,"parent":17896,"menu_order":0,"comment_status":"closed","ping_status":"closed","template":"","meta":{"inline_featured_image":false,"footnotes":"","_links_to":"","_links_to_target":""},"class_list":["post-21104","page","type-page","status-publish","hentry"],"_links":{"self":[{"href":"https:\/\/genesis-biomed.com\/es\/wp-json\/wp\/v2\/pages\/21104","targetHints":{"allow":["GET"]}}],"collection":[{"href":"https:\/\/genesis-biomed.com\/es\/wp-json\/wp\/v2\/pages"}],"about":[{"href":"https:\/\/genesis-biomed.com\/es\/wp-json\/wp\/v2\/types\/page"}],"author":[{"embeddable":true,"href":"https:\/\/genesis-biomed.com\/es\/wp-json\/wp\/v2\/users\/3"}],"replies":[{"embeddable":true,"href":"https:\/\/genesis-biomed.com\/es\/wp-json\/wp\/v2\/comments?post=21104"}],"version-history":[{"count":3,"href":"https:\/\/genesis-biomed.com\/es\/wp-json\/wp\/v2\/pages\/21104\/revisions"}],"predecessor-version":[{"id":21128,"href":"https:\/\/genesis-biomed.com\/es\/wp-json\/wp\/v2\/pages\/21104\/revisions\/21128"}],"up":[{"embeddable":true,"href":"https:\/\/genesis-biomed.com\/es\/wp-json\/wp\/v2\/pages\/17896"}],"wp:attachment":[{"href":"https:\/\/genesis-biomed.com\/es\/wp-json\/wp\/v2\/media?parent=21104"}],"curies":[{"name":"wp","href":"https:\/\/api.w.org\/{rel}","templated":true}]}}