{"id":20143,"date":"2023-07-20T10:11:43","date_gmt":"2023-07-20T08:11:43","guid":{"rendered":"https:\/\/genesis-biomed.com\/?page_id=20143"},"modified":"2023-07-20T10:13:00","modified_gmt":"2023-07-20T08:13:00","slug":"aviso-legal","status":"publish","type":"page","link":"https:\/\/genesis-biomed.com\/es\/aviso-legal\/","title":{"rendered":"Aviso Legal"},"content":{"rendered":"<h2>Informaci\u00f3n corporativa<\/h2>\n<p>&nbsp;<\/p>\n<p>En cumplimiento de la Ley 34\/2002, de 11 de julio, de servicios de la sociedad de la informaci\u00f3n y de comercio electr\u00f3nico, GENESIS BIOMED S.L., le informa que es titular del sitio web: <a href=\"https:\/\/genesis-biomed.com\"><strong>https:\/\/genesis-biomed.com<\/strong><\/a>. de acuerdo con la exigencia del art\u00edculo 10 de la mencionada Ley, <strong>GENESIS BIOMED S.L.<\/strong>, notifica los siguientes datos: el titular de esta p\u00e1gina web es <strong>GENESIS BIOMED S.L.<\/strong>, con CIF\/NIF: <strong>B-66.987.876<\/strong> i Registro Mercantil de <strong>BARCELONA<\/strong>, Tomo: <strong>45890<\/strong>. Folio: <strong>206<\/strong>, Hoja: <strong>B502155<\/strong>, Inscripci\u00f3n 1 y Domicilio Social: <strong>Baldiri Reixach, 4-8 Parc Cient\u00edfic de Barcelona<\/strong>, C\u00f3digo Postal: <strong>08028<\/strong>. Localidad: <strong>BARCELONA<\/strong>, Provincia: <strong>BARCELONA<\/strong>. La direcci\u00f3n de correo electr\u00f3nico de contacto con la empresa es: <a href=\"mailto:contact@genesis-biomed.com\">contact@genesis-biomed.com<\/a><\/p>\n<p>&nbsp;<\/p>\n<h2>Aviso legal Web. Usuario y r\u00e9gimen de responsabilidades<\/h2>\n<p>&nbsp;<\/p>\n<p>La navegaci\u00f3n por acceso o uso de la p\u00e1gina web\u00a0 y todos los subdominios y directorios incluidos bajo la misma, as\u00ed como los servicios o contenidos que a trav\u00e9s de \u00e9l se puedan obtener y todos los portales de dominio propio bajo titularidad de <strong>GENESIS BIOMED S.L.<\/strong>, otorga la Condici\u00f3n de <strong>Usuario<\/strong>, por la que se aceptan, al navegar por la p\u00e1gina <strong>GENESIS BIOMED S.L.<\/strong>, todas las condiciones de uso que se establecen aqu\u00ed sin perjudicar la aplicaci\u00f3n de la correspondiente normativa de obligado cumplimiento legal seg\u00fan el caso.<\/p>\n<p>Por eso, si las consideraciones detalladas en este aviso legal no son de su conformidad, rogamos no haga uso del portal, ya que cualquier uso que haga del mismo o los servicios y contenidos en \u00e9l incluidos implicar\u00e1 la aceptaci\u00f3n de los t\u00e9rminos legales recogidos en este texto.<\/p>\n<p>La p\u00e1gina web de <strong>GENESIS BIOMED S.L.<\/strong> proporciona gran diversidad de informaci\u00f3n, servicios y datos. El usuario asume su responsabilidad en el uso correcto de los sitios web. Esta responsabilidad se extender\u00e1 a: La veracidad y licitud de las informaciones aportadas por el usuario en los formularios emitidos por <strong>GENESIS BIOMED S.L.<\/strong> para acceder a determinados contenidos o servicios ofrecidos por la web.<\/p>\n<p>El uso de la informaci\u00f3n, servicios y datos ofrecidos por <strong>GENESIS BIOMED S.L.<\/strong> no ir\u00e1n contra las disposiciones de estas condiciones, la Ley, la moral, las buenas costumbres o el orden p\u00fablico o que, en otro caso, puedan suponer lesi\u00f3n de los derechos de terceros o del funcionamiento de los sitios web. A tal efecto, el Usuario se abstendr\u00e1 de utilizar cualquiera de los contenidos con fines o efectos il\u00edcitos, prohibidos en este texto, lesivos de los derechos e intereses de terceros, o que de cualquier forma puedan da\u00f1ar, inutilizar, sobrecargar, deteriorar o impedir la normal utilizaci\u00f3n de los contenidos, otros Usuarios o de cualquier usuario de Internet (hardware y software).<\/p>\n<p>Los usuarios responder\u00e1n de los da\u00f1os y perjuicios de toda naturaleza que la empresa propietaria de la web pueda sufrir, directa o indirectamente, como consecuencia de incumplimiento de cualquiera de las obligaciones derivadas del uso de la Web y de esta pol\u00edtica de privacidad.<\/p>\n<p>En particular, y a t\u00edtulo meramente indicativo y no exhaustivo, el Usuario se compromete a no transmitir, difundir o poner a disposici\u00f3n de terceros informaciones, datos, contenidos, mensajes, gr\u00e1ficos, dibujos, archivos de sonido y\/o imagen, fotograf\u00edas de la web.<\/p>\n<p>&nbsp;<\/p>\n<p>&nbsp;<\/p>\n","protected":false},"excerpt":{"rendered":"<p>Informaci\u00f3n corporativa &nbsp; En cumplimiento de la Ley 34\/2002, de 11 de julio, de servicios de la sociedad de la informaci\u00f3n y de comercio electr\u00f3nico, GENESIS BIOMED S.L., le informa que es titular del sitio web: https:\/\/genesis-biomed.com. de acuerdo con la exigencia del art\u00edculo 10&#8230;<\/p>\n","protected":false},"author":3,"featured_media":0,"parent":0,"menu_order":0,"comment_status":"closed","ping_status":"closed","template":"","meta":{"inline_featured_image":false,"footnotes":"","_links_to":"","_links_to_target":""},"class_list":["post-20143","page","type-page","status-publish","hentry"],"_links":{"self":[{"href":"https:\/\/genesis-biomed.com\/es\/wp-json\/wp\/v2\/pages\/20143","targetHints":{"allow":["GET"]}}],"collection":[{"href":"https:\/\/genesis-biomed.com\/es\/wp-json\/wp\/v2\/pages"}],"about":[{"href":"https:\/\/genesis-biomed.com\/es\/wp-json\/wp\/v2\/types\/page"}],"author":[{"embeddable":true,"href":"https:\/\/genesis-biomed.com\/es\/wp-json\/wp\/v2\/users\/3"}],"replies":[{"embeddable":true,"href":"https:\/\/genesis-biomed.com\/es\/wp-json\/wp\/v2\/comments?post=20143"}],"version-history":[{"count":6,"href":"https:\/\/genesis-biomed.com\/es\/wp-json\/wp\/v2\/pages\/20143\/revisions"}],"predecessor-version":[{"id":20149,"href":"https:\/\/genesis-biomed.com\/es\/wp-json\/wp\/v2\/pages\/20143\/revisions\/20149"}],"wp:attachment":[{"href":"https:\/\/genesis-biomed.com\/es\/wp-json\/wp\/v2\/media?parent=20143"}],"curies":[{"name":"wp","href":"https:\/\/api.w.org\/{rel}","templated":true}]}}