{"id":19685,"date":"2023-02-01T11:49:14","date_gmt":"2023-02-01T10:49:14","guid":{"rendered":"https:\/\/genesis-biomed.com\/awards\/"},"modified":"2023-02-06T12:53:01","modified_gmt":"2023-02-06T11:53:01","slug":"premios","status":"publish","type":"page","link":"https:\/\/genesis-biomed.com\/es\/premios\/","title":{"rendered":"Premios"},"content":{"rendered":"<div class=\"wpb-content-wrapper\"><p>[vc_row css_animation=\u00bb\u00bb row_type=\u00bbrow\u00bb use_row_as_full_screen_section=\u00bbno\u00bb type=\u00bbfull_width\u00bb angled_section=\u00bbno\u00bb text_align=\u00bbleft\u00bb background_image_as_pattern=\u00bbwithout_pattern\u00bb z_index=\u00bb\u00bb][vc_column width=\u00bb1\/4&#8243; css=\u00bb.vc_custom_1621326977121{background-color: #f7f7f7 !important;}\u00bb][vc_widget_sidebar sidebar_id=\u00bbmenu_newsroom\u00bb el_class=\u00bbmenu_press\u00bb][\/vc_column][vc_column width=\u00bb3\/4&#8243; css=\u00bb.vc_custom_1675250132911{padding-right: 30px !important;padding-left: 30px !important;background-color: #393a42 !important;}\u00bb][vc_column_text]<\/p>\n<h2 style=\"text-align: center;\"><span style=\"color: #ffffff;\">Premio de la XI Edici\u00f3n de los Premios Nacionales El Suplemento a la mejor consultor\u00eda biom\u00e9dica<\/span><\/h2>\n<p>&nbsp;<\/p>\n<p style=\"text-align: center;\"><span style=\"color: #0070c0;\"><strong>Mayo 2022<\/strong><\/span><\/p>\n<p>&nbsp;<\/p>\n<p style=\"text-align: left;\"><span style=\"color: #ffffff;\">El pasado mayo cumplimos nuestro <strong>quinto aniversario<\/strong> desde la constituci\u00f3n de<\/span> <strong><span style=\"color: #0070c0;\">GENESIS <\/span><span style=\"color: #999999;\">Biomed<\/span><\/strong><span style=\"color: #ffffff;\"><strong>.<\/strong> Y no pod\u00edamos celebrarlo de mejor manera que<strong> recibiendo el premio de la XI Edici\u00f3n de los Premios Nacionales El Suplemento a la mejor consultor\u00eda biom\u00e9dica.<\/strong><\/span><\/p>\n<p style=\"text-align: left;\"><span style=\"color: #ffffff;\">Queremos <strong>agradecer a los \u201cPremios El Suplemento\u201d<\/strong> este galard\u00f3n, pero queremos <strong>tambi\u00e9n<\/strong> <strong>agradecer<\/strong> a dos pilares fundamentales que nos han permitido llegar hasta aqu\u00ed:<\/span><\/p>\n<p>&nbsp;<\/p>\n<p style=\"text-align: left;\"><span style=\"color: #ffffff;\">En primer lugar <strong>a nuestros clientes<\/strong>, porque gracias a la confianza que han depositado en nosotros hemos podido ir creciendo y madurando como empresa. Como consultor\u00eda que somos nos debemos a nuestros clientes y la obtenci\u00f3n de este premio es un tributo con el que ellos nos han premiado. Esperamos en el futuro ser merecedores de otros premios que demuestren que seguimos desempe\u00f1ando nuestro trabajo con esmero y calidad.<\/span><\/p>\n<p>&nbsp;<\/p>\n<p style=\"text-align: left;\"><span style=\"color: #ffffff;\">En segundo lugar <\/span><strong><span style=\"color: #ffffff;\">a todo el equipo de<\/span> <span style=\"color: #0070c0;\">GENESIS <\/span><span style=\"color: #999999;\">Biomed<\/span><span style=\"color: #ffffff;\">. <\/span><\/strong><span style=\"color: #ffffff;\">Gracias al talento aportado por nuestro equipo, a su perseverancia, a su profesionalidad, buen talante y a su compa\u00f1erismo hemos podido ofrecer un servicio de calidad que se ha visto recompensado. Poder haber disfrutado todos juntos de esta experiencia en un entorno tan privilegiado como el del Hotel \u201cEl Palace\u201d ha sido un aut\u00e9ntico placer. Tener un tiempo para disfrutar todos juntos en un ambiente m\u00e1s distendido nos ha permitido conocernos mejor y crear un grupo m\u00e1s cohesionado que nos permitir\u00e1 afrontar los retos del futuro.<\/span><\/p>\n<p style=\"text-align: left;\"><span style=\"color: #ffffff;\">Por lo tanto, este reconocimiento a <span style=\"color: #0070c0;\"><strong>GENESIS <\/strong><\/span><span style=\"color: #999999;\"><strong>Biomed<\/strong><\/span> corresponde tanto a unos como a otros y esperamos que este \u00e9xito fruto de cinco a\u00f1os de trabajo sea el primero de los que faltan por venir.<\/span><\/p>\n<p>&nbsp;<\/p>\n<p><a href=\"https:\/\/genesis-biomed.com\/es\/gallery\/\"><span style=\"color: #0070c0;\"><strong>Ver la Galer\u00eda<\/strong><\/span><\/a>[\/vc_column_text][vc_row_inner row_type=\u00bbrow\u00bb type=\u00bbfull_width\u00bb text_align=\u00bbleft\u00bb css_animation=\u00bb\u00bb css=\u00bb.vc_custom_1675250039793{padding-top: 30px !important;padding-bottom: 30px !important;}\u00bb][vc_column_inner width=\u00bb1\/2&#8243;]<div class=\"qode_video_box\">\n\t<a itemprop=\"image\" class=\"qode_video_image\" href=\"https:\/\/youtu.be\/vWTMX5fhKx0\" data-rel=\"prettyPhoto\">\n\t\t\t\t\t<img loading=\"lazy\" decoding=\"async\" width=\"1410\" height=\"793\" src=\"https:\/\/genesis-biomed.com\/wp-content\/uploads\/2022\/06\/genesis_biomed_premio_entrega.jpg\" class=\"attachment-full size-full\" alt=\"Genesis Biomed Entrega del premio\" srcset=\"https:\/\/genesis-biomed.com\/wp-content\/uploads\/2022\/06\/genesis_biomed_premio_entrega.jpg 1410w, https:\/\/genesis-biomed.com\/wp-content\/uploads\/2022\/06\/genesis_biomed_premio_entrega-300x169.jpg 300w, https:\/\/genesis-biomed.com\/wp-content\/uploads\/2022\/06\/genesis_biomed_premio_entrega-1024x576.jpg 1024w, https:\/\/genesis-biomed.com\/wp-content\/uploads\/2022\/06\/genesis_biomed_premio_entrega-768x432.jpg 768w, https:\/\/genesis-biomed.com\/wp-content\/uploads\/2022\/06\/genesis_biomed_premio_entrega-700x394.jpg 700w, https:\/\/genesis-biomed.com\/wp-content\/uploads\/2022\/06\/genesis_biomed_premio_entrega-539x303.jpg 539w\" sizes=\"auto, (max-width: 1410px) 100vw, 1410px\" \/>\t\t\t<span class=\"qode_video_box_button_holder\">\n\t\t\t\t<span class=\"qode_video_box_button\">\n\t\t\t\t\t<span class=\"qode_video_box_button_arrow\">\n\t\t\t\t\t<\/span>\n\t\t\t\t<\/span>\n\t\t\t<\/span>\n\t\t\t<\/a>\n<\/div>[\/vc_column_inner][vc_column_inner width=\u00bb1\/2&#8243;]<div class=\"qode_video_box\">\n\t<a itemprop=\"image\" class=\"qode_video_image\" href=\"https:\/\/youtu.be\/j98YRAZ2huo\" data-rel=\"prettyPhoto\">\n\t\t\t\t\t<img loading=\"lazy\" decoding=\"async\" width=\"1410\" height=\"793\" src=\"https:\/\/genesis-biomed.com\/wp-content\/uploads\/2022\/06\/genesis_biomed_premio_entrevista_fundadores.jpg\" class=\"attachment-full size-full\" alt=\"Genesis Biomed Entrevista a los socios fundadores\" srcset=\"https:\/\/genesis-biomed.com\/wp-content\/uploads\/2022\/06\/genesis_biomed_premio_entrevista_fundadores.jpg 1410w, https:\/\/genesis-biomed.com\/wp-content\/uploads\/2022\/06\/genesis_biomed_premio_entrevista_fundadores-300x169.jpg 300w, https:\/\/genesis-biomed.com\/wp-content\/uploads\/2022\/06\/genesis_biomed_premio_entrevista_fundadores-1024x576.jpg 1024w, https:\/\/genesis-biomed.com\/wp-content\/uploads\/2022\/06\/genesis_biomed_premio_entrevista_fundadores-768x432.jpg 768w, https:\/\/genesis-biomed.com\/wp-content\/uploads\/2022\/06\/genesis_biomed_premio_entrevista_fundadores-700x394.jpg 700w, https:\/\/genesis-biomed.com\/wp-content\/uploads\/2022\/06\/genesis_biomed_premio_entrevista_fundadores-539x303.jpg 539w\" sizes=\"auto, (max-width: 1410px) 100vw, 1410px\" \/>\t\t\t<span class=\"qode_video_box_button_holder\">\n\t\t\t\t<span class=\"qode_video_box_button\">\n\t\t\t\t\t<span class=\"qode_video_box_button_arrow\">\n\t\t\t\t\t<\/span>\n\t\t\t\t<\/span>\n\t\t\t<\/span>\n\t\t\t<\/a>\n<\/div>[\/vc_column_inner][\/vc_row_inner][\/vc_column][\/vc_row][vc_row css_animation=\u00bb\u00bb row_type=\u00bbrow\u00bb use_row_as_full_screen_section=\u00bbno\u00bb type=\u00bbfull_width\u00bb angled_section=\u00bbno\u00bb text_align=\u00bbleft\u00bb background_image_as_pattern=\u00bbwithout_pattern\u00bb][vc_column][vc_empty_space][\/vc_column][\/vc_row]<\/p>\n<\/div>","protected":false},"excerpt":{"rendered":"<p>[vc_row css_animation=\u00bb\u00bb row_type=\u00bbrow\u00bb use_row_as_full_screen_section=\u00bbno\u00bb type=\u00bbfull_width\u00bb angled_section=\u00bbno\u00bb text_align=\u00bbleft\u00bb background_image_as_pattern=\u00bbwithout_pattern\u00bb z_index=\u00bb\u00bb][vc_column width=\u00bb1\/4&#8243; css=\u00bb.vc_custom_1621326977121{background-color: #f7f7f7 !important;}\u00bb][vc_widget_sidebar sidebar_id=\u00bbmenu_newsroom\u00bb el_class=\u00bbmenu_press\u00bb][\/vc_column][vc_column width=\u00bb3\/4&#8243; css=\u00bb.vc_custom_1675250132911{padding-right: 30px !important;padding-left: 30px !important;background-color: #393a42 !important;}\u00bb][vc_column_text] Premio de la XI Edici\u00f3n de los Premios Nacionales El Suplemento a la mejor consultor\u00eda biom\u00e9dica &nbsp; Mayo 2022 &nbsp; El pasado&#8230;<\/p>\n","protected":false},"author":3,"featured_media":0,"parent":0,"menu_order":0,"comment_status":"closed","ping_status":"closed","template":"","meta":{"inline_featured_image":false,"footnotes":"","_links_to":"","_links_to_target":""},"class_list":["post-19685","page","type-page","status-publish","hentry"],"_links":{"self":[{"href":"https:\/\/genesis-biomed.com\/es\/wp-json\/wp\/v2\/pages\/19685","targetHints":{"allow":["GET"]}}],"collection":[{"href":"https:\/\/genesis-biomed.com\/es\/wp-json\/wp\/v2\/pages"}],"about":[{"href":"https:\/\/genesis-biomed.com\/es\/wp-json\/wp\/v2\/types\/page"}],"author":[{"embeddable":true,"href":"https:\/\/genesis-biomed.com\/es\/wp-json\/wp\/v2\/users\/3"}],"replies":[{"embeddable":true,"href":"https:\/\/genesis-biomed.com\/es\/wp-json\/wp\/v2\/comments?post=19685"}],"version-history":[{"count":2,"href":"https:\/\/genesis-biomed.com\/es\/wp-json\/wp\/v2\/pages\/19685\/revisions"}],"predecessor-version":[{"id":19687,"href":"https:\/\/genesis-biomed.com\/es\/wp-json\/wp\/v2\/pages\/19685\/revisions\/19687"}],"wp:attachment":[{"href":"https:\/\/genesis-biomed.com\/es\/wp-json\/wp\/v2\/media?parent=19685"}],"curies":[{"name":"wp","href":"https:\/\/api.w.org\/{rel}","templated":true}]}}