{"id":19198,"date":"2022-06-07T10:30:58","date_gmt":"2022-06-07T08:30:58","guid":{"rendered":"https:\/\/genesis-biomed.com\/gallery\/"},"modified":"2022-06-08T09:54:29","modified_gmt":"2022-06-08T07:54:29","slug":"gallery","status":"publish","type":"page","link":"https:\/\/genesis-biomed.com\/es\/gallery\/","title":{"rendered":"Galer\u00eda"},"content":{"rendered":"<div class=\"wpb-content-wrapper\"><p>[vc_row css_animation=\u00bb\u00bb row_type=\u00bbrow\u00bb use_row_as_full_screen_section=\u00bbno\u00bb type=\u00bbfull_width\u00bb angled_section=\u00bbno\u00bb text_align=\u00bbleft\u00bb background_image_as_pattern=\u00bbwithout_pattern\u00bb][vc_column][vc_column_text css=\u00bb.vc_custom_1654591511649{padding-bottom: 30px !important;}\u00bb]<\/p>\n<h2>Premio de la XI Edici\u00f3n de los Premios Nacionales El Suplemento a la mejor consultor\u00eda biom\u00e9dica<\/h2>\n<p>[\/vc_column_text][vc_gallery type=\u00bbimage_grid\u00bb images=\u00bb19184,19185,19186,19187,19188,19183&#8243; img_size=\u00bbmedium\u00bb onclick=\u00bbimg_link_large\u00bb custom_links_target=\u00bb_blank\u00bb column_number=\u00bb3&#8243; grayscale=\u00bbno\u00bb images_space=\u00bbgallery_with_space\u00bb][\/vc_column][\/vc_row]<\/p>\n<\/div>","protected":false},"excerpt":{"rendered":"<p>[vc_row css_animation=\u00bb\u00bb row_type=\u00bbrow\u00bb use_row_as_full_screen_section=\u00bbno\u00bb type=\u00bbfull_width\u00bb angled_section=\u00bbno\u00bb text_align=\u00bbleft\u00bb background_image_as_pattern=\u00bbwithout_pattern\u00bb][vc_column][vc_column_text css=\u00bb.vc_custom_1654591511649{padding-bottom: 30px !important;}\u00bb] Premio de la XI Edici\u00f3n de los Premios Nacionales El Suplemento a la mejor consultor\u00eda biom\u00e9dica [\/vc_column_text][vc_gallery type=\u00bbimage_grid\u00bb images=\u00bb19184,19185,19186,19187,19188,19183&#8243; img_size=\u00bbmedium\u00bb onclick=\u00bbimg_link_large\u00bb custom_links_target=\u00bb_blank\u00bb column_number=\u00bb3&#8243; grayscale=\u00bbno\u00bb images_space=\u00bbgallery_with_space\u00bb][\/vc_column][\/vc_row]<\/p>\n","protected":false},"author":3,"featured_media":0,"parent":0,"menu_order":0,"comment_status":"closed","ping_status":"closed","template":"","meta":{"inline_featured_image":false,"footnotes":"","_links_to":"","_links_to_target":""},"class_list":["post-19198","page","type-page","status-publish","hentry"],"_links":{"self":[{"href":"https:\/\/genesis-biomed.com\/es\/wp-json\/wp\/v2\/pages\/19198","targetHints":{"allow":["GET"]}}],"collection":[{"href":"https:\/\/genesis-biomed.com\/es\/wp-json\/wp\/v2\/pages"}],"about":[{"href":"https:\/\/genesis-biomed.com\/es\/wp-json\/wp\/v2\/types\/page"}],"author":[{"embeddable":true,"href":"https:\/\/genesis-biomed.com\/es\/wp-json\/wp\/v2\/users\/3"}],"replies":[{"embeddable":true,"href":"https:\/\/genesis-biomed.com\/es\/wp-json\/wp\/v2\/comments?post=19198"}],"version-history":[{"count":6,"href":"https:\/\/genesis-biomed.com\/es\/wp-json\/wp\/v2\/pages\/19198\/revisions"}],"predecessor-version":[{"id":19216,"href":"https:\/\/genesis-biomed.com\/es\/wp-json\/wp\/v2\/pages\/19198\/revisions\/19216"}],"wp:attachment":[{"href":"https:\/\/genesis-biomed.com\/es\/wp-json\/wp\/v2\/media?parent=19198"}],"curies":[{"name":"wp","href":"https:\/\/api.w.org\/{rel}","templated":true}]}}