{"id":18143,"date":"2021-06-17T09:26:44","date_gmt":"2021-06-17T07:26:44","guid":{"rendered":"https:\/\/genesis-biomed.com\/about-genesis"},"modified":"2021-06-17T17:32:25","modified_gmt":"2021-06-17T15:32:25","slug":"sobre-genesis","status":"publish","type":"page","link":"https:\/\/genesis-biomed.com\/es\/sobre-genesis\/","title":{"rendered":"Sobre GENESIS"},"content":{"rendered":"<div class=\"wpb-content-wrapper\"><p>[vc_row css_animation=\u00bb\u00bb row_type=\u00bbrow\u00bb use_row_as_full_screen_section=\u00bbno\u00bb type=\u00bbfull_width\u00bb angled_section=\u00bbno\u00bb text_align=\u00bbleft\u00bb background_image_as_pattern=\u00bbwithout_pattern\u00bb css=\u00bb.vc_custom_1623923124431{padding-top: 80px !important;}\u00bb z_index=\u00bb\u00bb][vc_column][vc_column_text]<\/p>\n<h2 style=\"text-align: center;\"><span style=\"color: #0085cc;\">Misi\u00f3n<\/span><\/h2>\n<p>[\/vc_column_text][\/vc_column][\/vc_row][vc_row css_animation=\u00bb\u00bb row_type=\u00bbrow\u00bb use_row_as_full_screen_section=\u00bbno\u00bb type=\u00bbgrid\u00bb angled_section=\u00bbno\u00bb text_align=\u00bbleft\u00bb background_image_as_pattern=\u00bbwithout_pattern\u00bb z_index=\u00bb\u00bb][vc_column width=\u00bb1\/3&#8243;][vc_single_image image=\u00bb18082&#8243; alignment=\u00bbcenter\u00bb qode_css_animation=\u00bb\u00bb css=\u00bb.vc_custom_1623915617191{padding-top: 40px !important;padding-bottom: 30px !important;}\u00bb][vc_column_text css=\u00bb.vc_custom_1623923560162{padding-bottom: 50px !important;}\u00bb]<\/p>\n<h3 style=\"text-align: center;\">Somos<\/h3>\n<p style=\"text-align: center;\">Somos una consultora de estrategia y operaciones especializada en proyectos early-stage de I+D+i en emprendimiento en el sector biom\u00e9dico.<\/p>\n<p>[\/vc_column_text][\/vc_column][vc_column width=\u00bb1\/3&#8243;][vc_single_image image=\u00bb18084&#8243; alignment=\u00bbcenter\u00bb qode_css_animation=\u00bb\u00bb css=\u00bb.vc_custom_1623915639482{padding-top: 40px !important;padding-bottom: 30px !important;}\u00bb][vc_column_text css=\u00bb.vc_custom_1623923582670{padding-bottom: 50px !important;}\u00bb]<\/p>\n<h3 style=\"text-align: center;\">Equipo<\/h3>\n<p style=\"text-align: center;\">Contamos con un equipo multidisciplinar con una amplia experiencia, y proporcionamos servicios para transformar la investigaci\u00f3n en innovaci\u00f3n y conocimiento.<\/p>\n<p>[\/vc_column_text][\/vc_column][vc_column width=\u00bb1\/3&#8243;][vc_single_image image=\u00bb18083&#8243; alignment=\u00bbcenter\u00bb qode_css_animation=\u00bb\u00bb css=\u00bb.vc_custom_1623915652445{padding-top: 40px !important;padding-bottom: 30px !important;}\u00bb][vc_column_text css=\u00bb.vc_custom_1623943697720{padding-bottom: 50px !important;}\u00bb]<\/p>\n<h3 style=\"text-align: center;\">Proyectos<\/h3>\n<p style=\"text-align: center;\">Gestionamos los proyectos empresariales basados en tecnolog\u00eda de nuestros clientes, los transferimos al mercado y as\u00ed mejoramos la salud de las personas.<\/p>\n<p>[\/vc_column_text][\/vc_column][\/vc_row][vc_row css_animation=\u00bb\u00bb row_type=\u00bbrow\u00bb use_row_as_full_screen_section=\u00bbno\u00bb type=\u00bbfull_width\u00bb in_content_menu=\u00bbin_content_menu\u00bb content_menu_icon=\u00bb\u00bb angled_section=\u00bbno\u00bb text_align=\u00bbleft\u00bb background_image=\u00bb18091&#8243; background_image_as_pattern=\u00bbwithout_pattern\u00bb css=\u00bb.vc_custom_1623916797887{margin-top: 75px !important;margin-right: 0px !important;margin-left: 0px !important;padding-top: 90px !important;padding-right: 0px !important;padding-bottom: 90px !important;padding-left: 0px !important;background-image: url(https:\/\/genesis-biomed.com\/wp-content\/uploads\/2021\/06\/bg_about_vision.jpg?id=18091) !important;}\u00bb z_index=\u00bb\u00bb][vc_column][vc_row_inner row_type=\u00bbrow\u00bb type=\u00bbgrid\u00bb text_align=\u00bbleft\u00bb css_animation=\u00bb\u00bb][vc_column_inner][vc_column_text]<\/p>\n<h2 style=\"text-align: center; margin-bottom: 14px;\"><span style=\"color: #ffffff;\">Visi\u00f3n<\/span><\/h2>\n<p style=\"text-align: center;\"><span style=\"color: #ffffff; font-size: 20px;\">Ser los socios estrat\u00e9gicos de referencia para nuestros clientes nacionales e internacionales, convirti\u00e9ndonos en el motor del cambio del modelo de negocio en salud, promoviendo la innovaci\u00f3n y la sostenibilidad del sistema sanitario.<\/span><\/p>\n<p>[\/vc_column_text][\/vc_column_inner][\/vc_row_inner][\/vc_column][\/vc_row][vc_row css_animation=\u00bb\u00bb row_type=\u00bbrow\u00bb use_row_as_full_screen_section=\u00bbyes\u00bb type=\u00bbfull_width\u00bb angled_section=\u00bbno\u00bb text_align=\u00bbleft\u00bb background_image_as_pattern=\u00bbwithout_pattern\u00bb background_color=\u00bb#ebf5fb\u00bb z_index=\u00bb\u00bb css=\u00bb.vc_custom_1623917526095{padding-top: 100px !important;padding-bottom: 100px !important;}\u00bb][vc_column][vc_row_inner row_type=\u00bbrow\u00bb type=\u00bbgrid\u00bb text_align=\u00bbleft\u00bb css_animation=\u00bb\u00bb][vc_column_inner][vc_column_text css=\u00bb.vc_custom_1623923640688{padding-bottom: 30px !important;}\u00bb]<\/p>\n<h2 style=\"text-align: center;\"><span style=\"color: #0085cc;\">Valores<\/span><\/h2>\n<p>[\/vc_column_text][vc_single_image image=\u00bb18150&#8243; img_size=\u00bb581&#215;375&#8243; alignment=\u00bbcenter\u00bb qode_css_animation=\u00bb\u00bb][\/vc_column_inner][\/vc_row_inner][\/vc_column][\/vc_row]<\/p>\n<\/div>","protected":false},"excerpt":{"rendered":"<p>[vc_row css_animation=\u00bb\u00bb row_type=\u00bbrow\u00bb use_row_as_full_screen_section=\u00bbno\u00bb type=\u00bbfull_width\u00bb angled_section=\u00bbno\u00bb text_align=\u00bbleft\u00bb background_image_as_pattern=\u00bbwithout_pattern\u00bb css=\u00bb.vc_custom_1623923124431{padding-top: 80px !important;}\u00bb z_index=\u00bb\u00bb][vc_column][vc_column_text] Misi\u00f3n [\/vc_column_text][\/vc_column][\/vc_row][vc_row css_animation=\u00bb\u00bb row_type=\u00bbrow\u00bb use_row_as_full_screen_section=\u00bbno\u00bb type=\u00bbgrid\u00bb angled_section=\u00bbno\u00bb text_align=\u00bbleft\u00bb background_image_as_pattern=\u00bbwithout_pattern\u00bb z_index=\u00bb\u00bb][vc_column width=\u00bb1\/3&#8243;][vc_single_image image=\u00bb18082&#8243; alignment=\u00bbcenter\u00bb qode_css_animation=\u00bb\u00bb css=\u00bb.vc_custom_1623915617191{padding-top: 40px !important;padding-bottom: 30px !important;}\u00bb][vc_column_text css=\u00bb.vc_custom_1623923560162{padding-bottom: 50px !important;}\u00bb] Somos Somos una consultora de estrategia y operaciones especializada en proyectos&#8230;<\/p>\n","protected":false},"author":3,"featured_media":0,"parent":0,"menu_order":0,"comment_status":"closed","ping_status":"closed","template":"full_width.php","meta":{"inline_featured_image":false,"footnotes":"","_links_to":"","_links_to_target":""},"class_list":["post-18143","page","type-page","status-publish","hentry"],"_links":{"self":[{"href":"https:\/\/genesis-biomed.com\/es\/wp-json\/wp\/v2\/pages\/18143","targetHints":{"allow":["GET"]}}],"collection":[{"href":"https:\/\/genesis-biomed.com\/es\/wp-json\/wp\/v2\/pages"}],"about":[{"href":"https:\/\/genesis-biomed.com\/es\/wp-json\/wp\/v2\/types\/page"}],"author":[{"embeddable":true,"href":"https:\/\/genesis-biomed.com\/es\/wp-json\/wp\/v2\/users\/3"}],"replies":[{"embeddable":true,"href":"https:\/\/genesis-biomed.com\/es\/wp-json\/wp\/v2\/comments?post=18143"}],"version-history":[{"count":8,"href":"https:\/\/genesis-biomed.com\/es\/wp-json\/wp\/v2\/pages\/18143\/revisions"}],"predecessor-version":[{"id":18163,"href":"https:\/\/genesis-biomed.com\/es\/wp-json\/wp\/v2\/pages\/18143\/revisions\/18163"}],"wp:attachment":[{"href":"https:\/\/genesis-biomed.com\/es\/wp-json\/wp\/v2\/media?parent=18143"}],"curies":[{"name":"wp","href":"https:\/\/api.w.org\/{rel}","templated":true}]}}