{"id":17509,"date":"2021-01-29T18:36:39","date_gmt":"2021-01-29T17:36:39","guid":{"rendered":"https:\/\/genesis-biomed.com\/?page_id=17509"},"modified":"2024-09-23T10:20:21","modified_gmt":"2024-09-23T08:20:21","slug":"contacto","status":"publish","type":"page","link":"https:\/\/genesis-biomed.com\/es\/contacto\/","title":{"rendered":"Contacto"},"content":{"rendered":"<div class=\"wpb-content-wrapper\"><p>[vc_row css_animation=\u00bb\u00bb row_type=\u00bbrow\u00bb use_row_as_full_screen_section=\u00bbno\u00bb type=\u00bbgrid\u00bb angled_section=\u00bbno\u00bb text_align=\u00bbleft\u00bb background_image_as_pattern=\u00bbwithout_pattern\u00bb css=\u00bb.vc_custom_1527778649606{padding-bottom: 80px !important;}\u00bb z_index=\u00bb\u00bb][vc_column width=\u00bb1\/3&#8243;][vc_empty_space height=\u00bb80&#8243;][vc_column_text]<iframe loading=\"lazy\" style=\"border: 0;\" src=\"https:\/\/www.google.com\/maps\/embed?pb=!1m18!1m12!1m3!1d2993.6423298078325!2d2.114355315474298!3d41.381854979264666!2m3!1f0!2f0!3f0!3m2!1i1024!2i768!4f13.1!3m3!1m2!1s0x12a4985809e591a5%3A0xd91837337caae2dd!2sCarrer+de+Baldiri+Reixac%2C+4%2C+08028+Barcelona!5e0!3m2!1ses!2ses!4v1527778589597\" width=\"100%\" height=\"350\" frameborder=\"0\" allowfullscreen=\"allowfullscreen\"><\/iframe>[\/vc_column_text][\/vc_column][vc_column width=\u00bb1\/3&#8243;][vc_empty_space height=\u00bb80&#8243;][vc_column_text]<iframe loading=\"lazy\" style=\"border: 0;\" src=\"https:\/\/www.google.com\/maps\/embed?pb=!1m18!1m12!1m3!1d3037.249125880382!2d-3.686451923375492!3d40.42548217143823!2m3!1f0!2f0!3f0!3m2!1i1024!2i768!4f13.1!3m3!1m2!1s0xd4229756a80decd%3A0xcbdcb18165306e84!2sC.%20de%20Vel%C3%A1zquez%2C%2034%2C%20Salamanca%2C%2028001%20Madrid!5e0!3m2!1sca!2ses!4v1718955401893!5m2!1sca!2ses\" width=\"100%\" height=\"350\" allowfullscreen=\"allowfullscreen\"><\/iframe>[\/vc_column_text][\/vc_column][vc_column width=\u00bb1\/3&#8243;][vc_empty_space height=\u00bb80&#8243;][vc_column_text]<iframe loading=\"lazy\" style=\"border: 0;\" src=\"https:\/\/www.google.com\/maps\/embed?pb=!1m18!1m12!1m3!1d3080.578046968158!2d-0.33213898781889767!3d39.456268071491785!2m3!1f0!2f0!3f0!3m2!1i1024!2i768!4f13.1!3m3!1m2!1s0xd60485aed58849b%3A0x74182871b1c9347c!2sC.%20de%20la%20Traves%C3%ADa%2C%2015b%2C%2046024%20Valencia!5e0!3m2!1ses!2ses!4v1687254416032!5m2!1ses!2ses\" width=\"100%\" height=\"350\" allowfullscreen=\"allowfullscreen\"><\/iframe>[\/vc_column_text][\/vc_column][\/vc_row][vc_row css_animation=\u00bb\u00bb row_type=\u00bbrow\u00bb use_row_as_full_screen_section=\u00bbno\u00bb type=\u00bbgrid\u00bb angled_section=\u00bbno\u00bb text_align=\u00bbleft\u00bb background_image_as_pattern=\u00bbwithout_pattern\u00bb css=\u00bb.vc_custom_1509023855207{padding-bottom: 60px !important;}\u00bb][vc_column width=\u00bb3\/4&#8243;]\n<div class=\"wpcf7 no-js\" id=\"wpcf7-f17546-o1\" lang=\"en-US\" dir=\"ltr\" data-wpcf7-id=\"17546\">\n<div class=\"screen-reader-response\"><p role=\"status\" aria-live=\"polite\" aria-atomic=\"true\"><\/p> <ul><\/ul><\/div>\n<form action=\"\/es\/wp-json\/wp\/v2\/pages\/17509#wpcf7-f17546-o1\" method=\"post\" class=\"wpcf7-form init cf7_custom_style_2\" aria-label=\"Contact form\" novalidate=\"novalidate\" data-status=\"init\">\n<fieldset class=\"hidden-fields-container\"><input type=\"hidden\" name=\"_wpcf7\" value=\"17546\" \/><input type=\"hidden\" name=\"_wpcf7_version\" value=\"6.1.3\" \/><input type=\"hidden\" name=\"_wpcf7_locale\" value=\"en_US\" \/><input type=\"hidden\" name=\"_wpcf7_unit_tag\" value=\"wpcf7-f17546-o1\" \/><input type=\"hidden\" name=\"_wpcf7_container_post\" value=\"0\" \/><input type=\"hidden\" name=\"_wpcf7_posted_data_hash\" value=\"\" \/><input type=\"hidden\" name=\"_wpcf7_recaptcha_response\" value=\"\" \/>\n<\/fieldset>\n<div>\n\t<p><span class=\"wpcf7-form-control-wrap\" data-name=\"your-name\"><input size=\"40\" maxlength=\"400\" class=\"wpcf7-form-control wpcf7-text\" aria-invalid=\"false\" placeholder=\"Tu nombre\" value=\"\" type=\"text\" name=\"your-name\" \/><\/span>\n\t<\/p>\n<\/div>\n<div>\n\t<p><span class=\"wpcf7-form-control-wrap\" data-name=\"your-email\"><input size=\"40\" maxlength=\"400\" class=\"wpcf7-form-control wpcf7-email wpcf7-validates-as-required wpcf7-text wpcf7-validates-as-email\" aria-required=\"true\" aria-invalid=\"false\" placeholder=\"Tu email\" value=\"\" type=\"email\" name=\"your-email\" \/><\/span>\n\t<\/p>\n<\/div>\n<div>\n\t<p><span class=\"wpcf7-form-control-wrap\" data-name=\"your-message\"><textarea cols=\"40\" rows=\"10\" maxlength=\"2000\" class=\"wpcf7-form-control wpcf7-textarea\" aria-invalid=\"false\" placeholder=\"Mensaje\" name=\"your-message\"><\/textarea><\/span>\n\t<\/p>\n<\/div>\n<p><span class=\"wpcf7-form-control-wrap\" data-name=\"acceptance-878\"><span class=\"wpcf7-form-control wpcf7-acceptance\"><span class=\"wpcf7-list-item\"><input type=\"checkbox\" name=\"acceptance-878\" value=\"1\" aria-invalid=\"false\" \/><\/span><\/span><\/span>He le\u00eddo y acepto <a href='https:\/\/genesis-biomed.com\/es\/politica-de-privacidad\/' target='_blank'>la pol\u00edtica de privacidad<\/a> y <a href=\"https:\/\/genesis-biomed.com\/es\/aviso-legal\/\" target='_blank'>Aviso legal<\/a>\n<\/p>\n<div>\n\n<\/div>\n<p><input class=\"wpcf7-form-control wpcf7-submit has-spinner\" type=\"submit\" value=\"Enviar\" \/>\n<\/p><div class=\"wpcf7-response-output\" aria-hidden=\"true\"><\/div>\n<\/form>\n<\/div>\n[vc_empty_space height=\u00bb40px\u00bb][\/vc_column][vc_column width=\u00bb1\/4&#8243;][vc_column_text]<\/p>\n<h4>Direcci\u00f3n<\/h4>\n<p>[\/vc_column_text][vc_empty_space height=\u00bb13px\u00bb][vc_column_text]<\/p>\n<div>\n<p class=\"section-hero-header-title\">C\/ Baldiri Reixac 4-8<\/p>\n<p class=\"section-hero-header-title\">Parc Cient\u00edfic de Barcelona<\/p>\n<p class=\"section-hero-header-title\">08028 Barcelona<\/p>\n<\/div>\n<p>[\/vc_column_text][vc_empty_space height=\u00bb13px\u00bb][vc_column_text]<\/p>\n<div>\n<p class=\"section-hero-header-title\">C\/ Vel\u00e1zquez 34<\/p>\n<p class=\"section-hero-header-title\">28001 Madrid<\/p>\n<\/div>\n<p>[\/vc_column_text][vc_empty_space height=\u00bb13px\u00bb][vc_column_text]<\/p>\n<div>\n<p class=\"section-hero-header-title\">C\/ Traves\u00eda 15E<\/p>\n<p class=\"section-hero-header-title\">46024 Valencia<\/p>\n<\/div>\n<p>[\/vc_column_text][vc_empty_space height=\u00bb27px\u00bb][vc_column_text]<\/p>\n<h4>Tel\u00e9fono<\/h4>\n<p>[\/vc_column_text][vc_empty_space height=\u00bb13px\u00bb][vc_column_text]<\/p>\n<div>\n<p class=\"section-hero-header-title\">+(34) 93 \u00b7 403\u00b7 58\u00b7 53<\/p>\n<\/div>\n<p>[\/vc_column_text][vc_empty_space height=\u00bb27px\u00bb][vc_column_text]<\/p>\n<h4>Email<\/h4>\n<p>[\/vc_column_text][vc_empty_space height=\u00bb13px\u00bb][vc_column_text]contact@genesis-biomed.eu[\/vc_column_text][\/vc_column][\/vc_row][vc_row css_animation=\u00bb\u00bb row_type=\u00bbrow\u00bb use_row_as_full_screen_section=\u00bbno\u00bb type=\u00bbgrid\u00bb angled_section=\u00bbno\u00bb text_align=\u00bbleft\u00bb background_image_as_pattern=\u00bbwithout_pattern\u00bb css=\u00bb.vc_custom_1530802888293{background-color: #a3a3a3 !important;}\u00bb z_index=\u00bb\u00bb][vc_column][vc_empty_space height=\u00bb50&#8243;][vc_row_inner row_type=\u00bbrow\u00bb type=\u00bbfull_width\u00bb text_align=\u00bbleft\u00bb css_animation=\u00bb\u00bb][vc_column_inner width=\u00bb1\/12&#8243;][vc_single_image image=\u00bb15516&#8243; img_size=\u00bbfull\u00bb alignment=\u00bbright\u00bb qode_css_animation=\u00bb\u00bb][\/vc_column_inner][vc_column_inner width=\u00bb11\/12&#8243;][vc_column_text]<\/p>\n<p class=\"disc\" style=\"color: #ffffff;\">Este sitio web ha sido creado por la empresa GENESIS Biomed con car\u00e1cter informativo y para uso personal de los usuarios. A trav\u00e9s de este Aviso legal, se pretende regular el acceso y uso de este sitio web, as\u00ed como la relaci\u00f3n entre el sitio web y sus usuarios. Accediendo a este sitio web se aceptan los siguientes t\u00e9rminos y condiciones: El acceso a este sitio web es responsabilidad exclusiva de los usuarios.<\/p>\n<p>[\/vc_column_text][vc_empty_space height=\u00bb15&#8243;][vc_column_text]<\/p>\n<p class=\"disc\" style=\"color: #ffffff;\">El acceso y la navegaci\u00f3n en este sitio web supone aceptar y conocer las advertencias legales, condiciones y t\u00e9rminos de uso contenidas en ella.<\/p>\n<p>[\/vc_column_text][vc_empty_space height=\u00bb15&#8243;][vc_column_text]<\/p>\n<p class=\"disc\" style=\"color: #ffffff;\">El titular del sitio web puede ofrecer servicios o productos que podr\u00e1n encontrarse sometidos a unas condiciones particulares propias que, seg\u00fan los casos, sustituyan, completen y\/o modifiquen las presentes condiciones, y sobre las cuales se informar\u00e1 al usuario en cada caso concreto.<\/p>\n<p>[\/vc_column_text][\/vc_column_inner][\/vc_row_inner][vc_empty_space height=\u00bb50&#8243;][\/vc_column][\/vc_row]<\/p>\n<\/div>","protected":false},"excerpt":{"rendered":"<p>[vc_row css_animation=\u00bb\u00bb row_type=\u00bbrow\u00bb use_row_as_full_screen_section=\u00bbno\u00bb type=\u00bbgrid\u00bb angled_section=\u00bbno\u00bb text_align=\u00bbleft\u00bb background_image_as_pattern=\u00bbwithout_pattern\u00bb css=\u00bb.vc_custom_1527778649606{padding-bottom: 80px !important;}\u00bb z_index=\u00bb\u00bb][vc_column width=\u00bb1\/3&#8243;][vc_empty_space height=\u00bb80&#8243;][vc_column_text][\/vc_column_text][\/vc_column][vc_column width=\u00bb1\/3&#8243;][vc_empty_space height=\u00bb80&#8243;][vc_column_text][\/vc_column_text][\/vc_column][vc_column width=\u00bb1\/3&#8243;][vc_empty_space height=\u00bb80&#8243;][vc_column_text][\/vc_column_text][\/vc_column][\/vc_row][vc_row css_animation=\u00bb\u00bb row_type=\u00bbrow\u00bb use_row_as_full_screen_section=\u00bbno\u00bb type=\u00bbgrid\u00bb angled_section=\u00bbno\u00bb text_align=\u00bbleft\u00bb background_image_as_pattern=\u00bbwithout_pattern\u00bb css=\u00bb.vc_custom_1509023855207{padding-bottom: 60px !important;}\u00bb][vc_column width=\u00bb3\/4&#8243;][vc_empty_space height=\u00bb40px\u00bb][\/vc_column][vc_column width=\u00bb1\/4&#8243;][vc_column_text] Direcci\u00f3n [\/vc_column_text][vc_empty_space height=\u00bb13px\u00bb][vc_column_text] C\/ Baldiri Reixac 4-8 Parc Cient\u00edfic de Barcelona 08028 Barcelona [\/vc_column_text][vc_empty_space&#8230;<\/p>\n","protected":false},"author":3,"featured_media":0,"parent":0,"menu_order":0,"comment_status":"closed","ping_status":"closed","template":"full_width.php","meta":{"inline_featured_image":false,"footnotes":"","_links_to":"","_links_to_target":""},"class_list":["post-17509","page","type-page","status-publish","hentry"],"_links":{"self":[{"href":"https:\/\/genesis-biomed.com\/es\/wp-json\/wp\/v2\/pages\/17509","targetHints":{"allow":["GET"]}}],"collection":[{"href":"https:\/\/genesis-biomed.com\/es\/wp-json\/wp\/v2\/pages"}],"about":[{"href":"https:\/\/genesis-biomed.com\/es\/wp-json\/wp\/v2\/types\/page"}],"author":[{"embeddable":true,"href":"https:\/\/genesis-biomed.com\/es\/wp-json\/wp\/v2\/users\/3"}],"replies":[{"embeddable":true,"href":"https:\/\/genesis-biomed.com\/es\/wp-json\/wp\/v2\/comments?post=17509"}],"version-history":[{"count":10,"href":"https:\/\/genesis-biomed.com\/es\/wp-json\/wp\/v2\/pages\/17509\/revisions"}],"predecessor-version":[{"id":21037,"href":"https:\/\/genesis-biomed.com\/es\/wp-json\/wp\/v2\/pages\/17509\/revisions\/21037"}],"wp:attachment":[{"href":"https:\/\/genesis-biomed.com\/es\/wp-json\/wp\/v2\/media?parent=17509"}],"curies":[{"name":"wp","href":"https:\/\/api.w.org\/{rel}","templated":true}]}}