{"id":17488,"date":"2021-01-29T17:22:16","date_gmt":"2021-01-29T16:22:16","guid":{"rendered":"https:\/\/genesis-biomed.com\/?page_id=17488"},"modified":"2021-02-09T17:29:42","modified_gmt":"2021-02-09T16:29:42","slug":"metodologia","status":"publish","type":"page","link":"https:\/\/genesis-biomed.com\/es\/metodologia\/","title":{"rendered":"Metodolog\u00eda"},"content":{"rendered":"<div class=\"wpb-content-wrapper\"><p>[vc_row css_animation=\u00bb\u00bb row_type=\u00bbrow\u00bb use_row_as_full_screen_section=\u00bbno\u00bb type=\u00bbfull_width\u00bb angled_section=\u00bbno\u00bb text_align=\u00bbleft\u00bb background_image_as_pattern=\u00bbwithout_pattern\u00bb][vc_column][vc_empty_space height=\u00bb40&#8243;][\/vc_column][\/vc_row][vc_row css_animation=\u00bb\u00bb row_type=\u00bbrow\u00bb use_row_as_full_screen_section=\u00bbno\u00bb type=\u00bbgrid\u00bb angled_section=\u00bbno\u00bb text_align=\u00bbleft\u00bb background_image_as_pattern=\u00bbwithout_pattern\u00bb z_index=\u00bb\u00bb][vc_column width=\u00bb7\/12&#8243;][vc_empty_space height=\u00bb80&#8243;]<div class=\"qode-accordion-holder clearfix qode-accordion qode-initial \">\n\t<h4 class=\"clearfix qode-title-holder\">\n<span class=\"qode-tab-title\">\n\t    <span class=\"qode-tab-title-inner\">\n        01 An\u00e1lisis de mercado    <\/span>\n<\/span>\n<span class=\"qode-accordion-mark\">\n    <span class=\"qode-accordion-mark-icon\">\n        <span class=\"icon_plus\"><\/span>\n        <span class=\"icon_minus-06\"><\/span>\n    <\/span>\n<\/span>\n<\/h4>\n<div  class=\"qode-accordion-content \" >\n    <div class=\"qode-accordion-content-inner\">\n        [vc_column_text]<\/p>\n<ul>\n<li>Necesidad m\u00e9dica no satisfecha actual<\/li>\n<li>Epidemiolog\u00eda<\/li>\n<li>Determinaci\u00f3n del tama\u00f1o del mercado<\/li>\n<li>Descripci\u00f3n de las tendencias del mercado<\/li>\n<li>An\u00e1lisis de los principales actores del mercado (productos comerciales)<\/li>\n<li>Descripci\u00f3n de los futuros competidores (proyectos en desarrollo)<\/li>\n<\/ul>\n<p>[\/vc_column_text]    <\/div>\n<\/div><h4 class=\"clearfix qode-title-holder\">\n<span class=\"qode-tab-title\">\n\t    <span class=\"qode-tab-title-inner\">\n        02 Posicionamiento competitivo    <\/span>\n<\/span>\n<span class=\"qode-accordion-mark\">\n    <span class=\"qode-accordion-mark-icon\">\n        <span class=\"icon_plus\"><\/span>\n        <span class=\"icon_minus-06\"><\/span>\n    <\/span>\n<\/span>\n<\/h4>\n<div  class=\"qode-accordion-content \" >\n    <div class=\"qode-accordion-content-inner\">\n        [vc_column_text]<\/p>\n<ul>\n<li>An\u00e1lisis de las principales caracter\u00edsticas de los competidores actuales y futuros<\/li>\n<li>An\u00e1lisis de precios<\/li>\n<li>An\u00e1lisis del modelo de negocio<\/li>\n<li>An\u00e1lisis de participaci\u00f3n de mercado<\/li>\n<li>Voz del cliente y an\u00e1lisis de rentabilidad<\/li>\n<li>Matriz de competidores<\/li>\n<\/ul>\n<p>[\/vc_column_text]    <\/div>\n<\/div><h4 class=\"clearfix qode-title-holder\">\n<span class=\"qode-tab-title\">\n\t    <span class=\"qode-tab-title-inner\">\n        03 Resultados de la prueba de concepto    <\/span>\n<\/span>\n<span class=\"qode-accordion-mark\">\n    <span class=\"qode-accordion-mark-icon\">\n        <span class=\"icon_plus\"><\/span>\n        <span class=\"icon_minus-06\"><\/span>\n    <\/span>\n<\/span>\n<\/h4>\n<div  class=\"qode-accordion-content \" >\n    <div class=\"qode-accordion-content-inner\">\n        [vc_column_text]<\/p>\n<ul>\n<li>Lista completa y descripci\u00f3n de los estudios realizados hasta la fecha<\/li>\n<li>Principales resultados obtenidos y an\u00e1lisis de conclusiones<\/li>\n<li>Estudios que se realizar\u00e1n en el futuro<\/li>\n<li>Acuerdo vigente con la Instituci\u00f3n Principal<\/li>\n<li>Estudios subcontratados y colaboraci\u00f3n externa I+D Diagrama de Gantt<\/li>\n<\/ul>\n<p>[\/vc_column_text]    <\/div>\n<\/div><h4 class=\"clearfix qode-title-holder\">\n<span class=\"qode-tab-title\">\n\t    <span class=\"qode-tab-title-inner\">\n        04 Propiedad intelectual    <\/span>\n<\/span>\n<span class=\"qode-accordion-mark\">\n    <span class=\"qode-accordion-mark-icon\">\n        <span class=\"icon_plus\"><\/span>\n        <span class=\"icon_minus-06\"><\/span>\n    <\/span>\n<\/span>\n<\/h4>\n<div  class=\"qode-accordion-content \" >\n    <div class=\"qode-accordion-content-inner\">\n        [vc_column_text]<\/p>\n<ul>\n<li>Lista de patentes de campo hasta la fecha<\/li>\n<li>An\u00e1lisis de la situaci\u00f3n actual de cada patente presentada<\/li>\n<li>Lista de posibles patentes futuras del proyecto<\/li>\n<li>Libertad para operar an\u00e1lisis<\/li>\n<li>Acuerdo de licencia de las instituciones<\/li>\n<li>Estrategia de propiedad intelectual de la empresa<\/li>\n<\/ul>\n<p>[\/vc_column_text]    <\/div>\n<\/div><h4 class=\"clearfix qode-title-holder\">\n<span class=\"qode-tab-title\">\n\t    <span class=\"qode-tab-title-inner\">\n        05 Estrategia regulatoria    <\/span>\n<\/span>\n<span class=\"qode-accordion-mark\">\n    <span class=\"qode-accordion-mark-icon\">\n        <span class=\"icon_plus\"><\/span>\n        <span class=\"icon_minus-06\"><\/span>\n    <\/span>\n<\/span>\n<\/h4>\n<div  class=\"qode-accordion-content \" >\n    <div class=\"qode-accordion-content-inner\">\n        [vc_column_text]<\/p>\n<ul>\n<li>Marco regulatorio para el proyecto actual<\/li>\n<li>An\u00e1lisis de las directrices y directivas correspondientes<\/li>\n<li>Consideraciones regulatorias actuales<\/li>\n<li>Tendencias futuras y cargos regulatorios<\/li>\n<li>Estrategia regulatoria y validaci\u00f3n<\/li>\n<li>Hoja de ruta regulatoria<\/li>\n<\/ul>\n<p>[\/vc_column_text]    <\/div>\n<\/div><h4 class=\"clearfix qode-title-holder\">\n<span class=\"qode-tab-title\">\n\t    <span class=\"qode-tab-title-inner\">\n        06 Plan de desarrollo    <\/span>\n<\/span>\n<span class=\"qode-accordion-mark\">\n    <span class=\"qode-accordion-mark-icon\">\n        <span class=\"icon_plus\"><\/span>\n        <span class=\"icon_minus-06\"><\/span>\n    <\/span>\n<\/span>\n<\/h4>\n<div  class=\"qode-accordion-content \" >\n    <div class=\"qode-accordion-content-inner\">\n        [vc_column_text]<\/p>\n<ul>\n<li>Lista de todos los estudios de necesidad para el desarrollo del producto<\/li>\n<li>Diagrama de Gantt para todo el proceso de desarrollo<\/li>\n<li>Identificaci\u00f3n de hitos principales<\/li>\n<li>Medici\u00f3n de cronogramas<\/li>\n<li>Identificaci\u00f3n de posibles socios subcontratados<\/li>\n<li>Predicci\u00f3n de costos asociados<\/li>\n<\/ul>\n<p>[\/vc_column_text]    <\/div>\n<\/div><h4 class=\"clearfix qode-title-holder\">\n<span class=\"qode-tab-title\">\n\t    <span class=\"qode-tab-title-inner\">\n        07 Equipo interno de la empresa    <\/span>\n<\/span>\n<span class=\"qode-accordion-mark\">\n    <span class=\"qode-accordion-mark-icon\">\n        <span class=\"icon_plus\"><\/span>\n        <span class=\"icon_minus-06\"><\/span>\n    <\/span>\n<\/span>\n<\/h4>\n<div  class=\"qode-accordion-content \" >\n    <div class=\"qode-accordion-content-inner\">\n        [vc_column_text]<\/p>\n<ul>\n<li>Equipo existente y roles iniciales<\/li>\n<li>Presencia de un CEO a tiempo completo<\/li>\n<li>Descripci\u00f3n completa del trabajo para todos los roles necesarios en el futuro<\/li>\n<li>An\u00e1lisis de organigramas y evoluci\u00f3n de la plantilla en la empresa<\/li>\n<li>An\u00e1lisis de sueldos y ESOP para personal interno<\/li>\n<li>Acuerdo de socios, gobernanza y asuntos reservados<\/li>\n<\/ul>\n<p>[\/vc_column_text]    <\/div>\n<\/div><h4 class=\"clearfix qode-title-holder\">\n<span class=\"qode-tab-title\">\n\t    <span class=\"qode-tab-title-inner\">\n        08 Plan financiero    <\/span>\n<\/span>\n<span class=\"qode-accordion-mark\">\n    <span class=\"qode-accordion-mark-icon\">\n        <span class=\"icon_plus\"><\/span>\n        <span class=\"icon_minus-06\"><\/span>\n    <\/span>\n<\/span>\n<\/h4>\n<div  class=\"qode-accordion-content \" >\n    <div class=\"qode-accordion-content-inner\">\n        [vc_column_text]<\/p>\n<ul>\n<li>Perfiles necesarios para el Scientific Advisory Board<\/li>\n<li>Dise\u00f1o de la Junta Directiva<\/li>\n<li>Identificaci\u00f3n del presidente<\/li>\n<li>Identificaci\u00f3n de proveedores de servicios y roles subcontratados adecuados<\/li>\n<li>An\u00e1lisis de costos y cotizaciones<\/li>\n<li>Dise\u00f1o de ESOP para personas externas clave<\/li>\n<\/ul>\n<p>[\/vc_column_text]    <\/div>\n<\/div><h4 class=\"clearfix qode-title-holder\">\n<span class=\"qode-tab-title\">\n\t    <span class=\"qode-tab-title-inner\">\n        09 Plan financiero    <\/span>\n<\/span>\n<span class=\"qode-accordion-mark\">\n    <span class=\"qode-accordion-mark-icon\">\n        <span class=\"icon_plus\"><\/span>\n        <span class=\"icon_minus-06\"><\/span>\n    <\/span>\n<\/span>\n<\/h4>\n<div  class=\"qode-accordion-content \" >\n    <div class=\"qode-accordion-content-inner\">\n        [vc_column_text]<\/p>\n<ul>\n<li>Definici\u00f3n del Modelo de Negocio de la empresa<\/li>\n<li>Cuantificaci\u00f3n de la overall cash need<\/li>\n<li>Principales hitos financieros e identificaci\u00f3n de Tramos<\/li>\n<li>Estrategia de recaudaci\u00f3n de fondos para inversores y an\u00e1lisis de escenarios de salida<\/li>\n<li>Plan de an\u00e1lisis y mitigaci\u00f3n de riesgos<\/li>\n<li>Valoraci\u00f3n de la empresa y an\u00e1lisis de la tabla de capitalizaci\u00f3n<\/li>\n<li>Elaboraci\u00f3n del Plan Financiero: CF, P&amp;L y BS<\/li>\n<\/ul>\n<p>[\/vc_column_text]    <\/div>\n<\/div><h4 class=\"clearfix qode-title-holder\">\n<span class=\"qode-tab-title\">\n\t    <span class=\"qode-tab-title-inner\">\n        10 Estrategia y negociaci\u00f3n de recaudaci\u00f3n de fondos    <\/span>\n<\/span>\n<span class=\"qode-accordion-mark\">\n    <span class=\"qode-accordion-mark-icon\">\n        <span class=\"icon_plus\"><\/span>\n        <span class=\"icon_minus-06\"><\/span>\n    <\/span>\n<\/span>\n<\/h4>\n<div  class=\"qode-accordion-content \" >\n    <div class=\"qode-accordion-content-inner\">\n        [vc_column_text]<\/p>\n<ul>\n<li>Selecci\u00f3n de los inversores m\u00e1s adecuados<\/li>\n<li>Preparaci\u00f3n de la plataforma de diapositivas de la empresa<\/li>\n<li><em>Roadshow<\/em> y primera ronda de encuentros<\/li>\n<li>Construcci\u00f3n del sindicato<\/li>\n<li>An\u00e1lisis y negociaci\u00f3n de la hoja de t\u00e9rminos<\/li>\n<li>Preparaci\u00f3n de la dataroom para la due diligence<\/li>\n<li>Negociaci\u00f3n del Acuerdo de Inversi\u00f3n y Acuerdo de Socios<\/li>\n<li>Cierre de la Ronda<\/li>\n<\/ul>\n<p>[\/vc_column_text]    <\/div>\n<\/div><\/div>[\/vc_column][vc_column width=\u00bb5\/12&#8243;]<div class=\"qode-workflow  qode-workflow-animate\">\n    <span class=\"main-line\" style=\"background-color:#0070C0;\"><\/span>\n    <div class=\"qode-workflow-item\">\n    <span class=\"line\" style=\"\"><\/span>\n    <div class=\"qode-workflow-item-inner reverse\">\n        <div class=\"qode-workflow-image left\">\n            <img loading=\"lazy\" decoding=\"async\" width=\"250\" height=\"250\" src=\"https:\/\/genesis-biomed.com\/wp-content\/uploads\/2018\/05\/analysis.png\" class=\"attachment-full size-full\" alt=\"\" srcset=\"https:\/\/genesis-biomed.com\/wp-content\/uploads\/2018\/05\/analysis.png 250w, https:\/\/genesis-biomed.com\/wp-content\/uploads\/2018\/05\/analysis-150x150.png 150w\" sizes=\"auto, (max-width: 250px) 100vw, 250px\" \/>        <\/div>\n        <div class=\"qode-workflow-text\">\n            <span class=\"circle\" style=\"\"><\/span>\n                            <h3>01<\/h3>\n                                        <h6 class=\"qode-workflow-subtitle\">An\u00e1lisis de mercado<\/h6>\n                                <\/div>\n    <\/div>\n<\/div><div class=\"qode-workflow-item\">\n    <span class=\"line\" style=\"\"><\/span>\n    <div class=\"qode-workflow-item-inner \">\n        <div class=\"qode-workflow-image left\">\n            <img loading=\"lazy\" decoding=\"async\" width=\"250\" height=\"250\" src=\"https:\/\/genesis-biomed.com\/wp-content\/uploads\/2018\/05\/podium.png\" class=\"attachment-full size-full\" alt=\"\" srcset=\"https:\/\/genesis-biomed.com\/wp-content\/uploads\/2018\/05\/podium.png 250w, https:\/\/genesis-biomed.com\/wp-content\/uploads\/2018\/05\/podium-150x150.png 150w\" sizes=\"auto, (max-width: 250px) 100vw, 250px\" \/>        <\/div>\n        <div class=\"qode-workflow-text\">\n            <span class=\"circle\" style=\"\"><\/span>\n                            <h3>02<\/h3>\n                                        <h6 class=\"qode-workflow-subtitle\">Posicionamiento competitivo<\/h6>\n                                <\/div>\n    <\/div>\n<\/div><div class=\"qode-workflow-item\">\n    <span class=\"line\" style=\"\"><\/span>\n    <div class=\"qode-workflow-item-inner reverse\">\n        <div class=\"qode-workflow-image left\">\n            <img loading=\"lazy\" decoding=\"async\" width=\"250\" height=\"250\" src=\"https:\/\/genesis-biomed.com\/wp-content\/uploads\/2018\/05\/list.png\" class=\"attachment-full size-full\" alt=\"\" srcset=\"https:\/\/genesis-biomed.com\/wp-content\/uploads\/2018\/05\/list.png 250w, https:\/\/genesis-biomed.com\/wp-content\/uploads\/2018\/05\/list-150x150.png 150w\" sizes=\"auto, (max-width: 250px) 100vw, 250px\" \/>        <\/div>\n        <div class=\"qode-workflow-text\">\n            <span class=\"circle\" style=\"\"><\/span>\n                            <h3>03<\/h3>\n                                        <h6 class=\"qode-workflow-subtitle\">Resultados de la prueba de concepto<\/h6>\n                                <\/div>\n    <\/div>\n<\/div><div class=\"qode-workflow-item\">\n    <span class=\"line\" style=\"\"><\/span>\n    <div class=\"qode-workflow-item-inner \">\n        <div class=\"qode-workflow-image left\">\n            <img loading=\"lazy\" decoding=\"async\" width=\"250\" height=\"250\" src=\"https:\/\/genesis-biomed.com\/wp-content\/uploads\/2018\/05\/idea.png\" class=\"attachment-full size-full\" alt=\"\" srcset=\"https:\/\/genesis-biomed.com\/wp-content\/uploads\/2018\/05\/idea.png 250w, https:\/\/genesis-biomed.com\/wp-content\/uploads\/2018\/05\/idea-150x150.png 150w\" sizes=\"auto, (max-width: 250px) 100vw, 250px\" \/>        <\/div>\n        <div class=\"qode-workflow-text\">\n            <span class=\"circle\" style=\"\"><\/span>\n                            <h3>04<\/h3>\n                                        <h6 class=\"qode-workflow-subtitle\">Propiedad intelectual<\/h6>\n                                <\/div>\n    <\/div>\n<\/div><div class=\"qode-workflow-item\">\n    <span class=\"line\" style=\"\"><\/span>\n    <div class=\"qode-workflow-item-inner reverse\">\n        <div class=\"qode-workflow-image left\">\n            <img loading=\"lazy\" decoding=\"async\" width=\"250\" height=\"250\" src=\"https:\/\/genesis-biomed.com\/wp-content\/uploads\/2018\/05\/regulatory-strategy.png\" class=\"attachment-full size-full\" alt=\"\" srcset=\"https:\/\/genesis-biomed.com\/wp-content\/uploads\/2018\/05\/regulatory-strategy.png 250w, https:\/\/genesis-biomed.com\/wp-content\/uploads\/2018\/05\/regulatory-strategy-150x150.png 150w\" sizes=\"auto, (max-width: 250px) 100vw, 250px\" \/>        <\/div>\n        <div class=\"qode-workflow-text\">\n            <span class=\"circle\" style=\"\"><\/span>\n                            <h3>05<\/h3>\n                                        <h6 class=\"qode-workflow-subtitle\">Estrategia regulatoria<\/h6>\n                                <\/div>\n    <\/div>\n<\/div><div class=\"qode-workflow-item\">\n    <span class=\"line\" style=\"\"><\/span>\n    <div class=\"qode-workflow-item-inner \">\n        <div class=\"qode-workflow-image left\">\n            <img loading=\"lazy\" decoding=\"async\" width=\"250\" height=\"250\" src=\"https:\/\/genesis-biomed.com\/wp-content\/uploads\/2018\/05\/development-plan.png\" class=\"attachment-full size-full\" alt=\"\" srcset=\"https:\/\/genesis-biomed.com\/wp-content\/uploads\/2018\/05\/development-plan.png 250w, https:\/\/genesis-biomed.com\/wp-content\/uploads\/2018\/05\/development-plan-150x150.png 150w\" sizes=\"auto, (max-width: 250px) 100vw, 250px\" \/>        <\/div>\n        <div class=\"qode-workflow-text\">\n            <span class=\"circle\" style=\"\"><\/span>\n                            <h3>06<\/h3>\n                                        <h6 class=\"qode-workflow-subtitle\">Plan de desarrollo<\/h6>\n                                <\/div>\n    <\/div>\n<\/div><div class=\"qode-workflow-item\">\n    <span class=\"line\" style=\"\"><\/span>\n    <div class=\"qode-workflow-item-inner reverse\">\n        <div class=\"qode-workflow-image left\">\n            <img loading=\"lazy\" decoding=\"async\" width=\"250\" height=\"250\" src=\"https:\/\/genesis-biomed.com\/wp-content\/uploads\/2018\/05\/team.png\" class=\"attachment-full size-full\" alt=\"\" srcset=\"https:\/\/genesis-biomed.com\/wp-content\/uploads\/2018\/05\/team.png 250w, https:\/\/genesis-biomed.com\/wp-content\/uploads\/2018\/05\/team-150x150.png 150w\" sizes=\"auto, (max-width: 250px) 100vw, 250px\" \/>        <\/div>\n        <div class=\"qode-workflow-text\">\n            <span class=\"circle\" style=\"\"><\/span>\n                            <h3>07<\/h3>\n                                        <h6 class=\"qode-workflow-subtitle\">Equipo interno de la empresa<\/h6>\n                                <\/div>\n    <\/div>\n<\/div><div class=\"qode-workflow-item\">\n    <span class=\"line\" style=\"\"><\/span>\n    <div class=\"qode-workflow-item-inner \">\n        <div class=\"qode-workflow-image left\">\n            <img loading=\"lazy\" decoding=\"async\" width=\"250\" height=\"250\" src=\"https:\/\/genesis-biomed.com\/wp-content\/uploads\/2018\/05\/new-user.png\" class=\"attachment-full size-full\" alt=\"\" srcset=\"https:\/\/genesis-biomed.com\/wp-content\/uploads\/2018\/05\/new-user.png 250w, https:\/\/genesis-biomed.com\/wp-content\/uploads\/2018\/05\/new-user-150x150.png 150w\" sizes=\"auto, (max-width: 250px) 100vw, 250px\" \/>        <\/div>\n        <div class=\"qode-workflow-text\">\n            <span class=\"circle\" style=\"\"><\/span>\n                            <h3>08<\/h3>\n                                        <h6 class=\"qode-workflow-subtitle\">Equipo externo<\/h6>\n                                <\/div>\n    <\/div>\n<\/div><div class=\"qode-workflow-item\">\n    <span class=\"line\" style=\"\"><\/span>\n    <div class=\"qode-workflow-item-inner reverse\">\n        <div class=\"qode-workflow-image left\">\n            <img loading=\"lazy\" decoding=\"async\" width=\"250\" height=\"250\" src=\"https:\/\/genesis-biomed.com\/wp-content\/uploads\/2018\/05\/financial-plan.png\" class=\"attachment-full size-full\" alt=\"\" srcset=\"https:\/\/genesis-biomed.com\/wp-content\/uploads\/2018\/05\/financial-plan.png 250w, https:\/\/genesis-biomed.com\/wp-content\/uploads\/2018\/05\/financial-plan-150x150.png 150w\" sizes=\"auto, (max-width: 250px) 100vw, 250px\" \/>        <\/div>\n        <div class=\"qode-workflow-text\">\n            <span class=\"circle\" style=\"\"><\/span>\n                            <h3>09<\/h3>\n                                        <h6 class=\"qode-workflow-subtitle\">Plan financiero<\/h6>\n                                <\/div>\n    <\/div>\n<\/div><div class=\"qode-workflow-item\">\n    <span class=\"line\" style=\"\"><\/span>\n    <div class=\"qode-workflow-item-inner \">\n        <div class=\"qode-workflow-image left\">\n            <img loading=\"lazy\" decoding=\"async\" width=\"250\" height=\"250\" src=\"https:\/\/genesis-biomed.com\/wp-content\/uploads\/2018\/05\/fundraising-strategy.png\" class=\"attachment-full size-full\" alt=\"\" srcset=\"https:\/\/genesis-biomed.com\/wp-content\/uploads\/2018\/05\/fundraising-strategy.png 250w, https:\/\/genesis-biomed.com\/wp-content\/uploads\/2018\/05\/fundraising-strategy-150x150.png 150w\" sizes=\"auto, (max-width: 250px) 100vw, 250px\" \/>        <\/div>\n        <div class=\"qode-workflow-text\">\n            <span class=\"circle\" style=\"\"><\/span>\n                            <h3>10<\/h3>\n                                        <h6 class=\"qode-workflow-subtitle\">Estrategia y negociaci\u00f3n de recaudaci\u00f3n de fondos<\/h6>\n                                <\/div>\n    <\/div>\n<\/div><\/div>[\/vc_column][\/vc_row][vc_row css_animation=\u00bb\u00bb row_type=\u00bbrow\u00bb use_row_as_full_screen_section=\u00bbno\u00bb type=\u00bbfull_width\u00bb angled_section=\u00bbno\u00bb text_align=\u00bbleft\u00bb background_image_as_pattern=\u00bbwithout_pattern\u00bb][vc_column][vc_empty_space height=\u00bb80&#8243;][\/vc_column][\/vc_row]<\/p>\n<\/div>","protected":false},"excerpt":{"rendered":"<p>[vc_row css_animation=\u00bb\u00bb row_type=\u00bbrow\u00bb use_row_as_full_screen_section=\u00bbno\u00bb type=\u00bbfull_width\u00bb angled_section=\u00bbno\u00bb text_align=\u00bbleft\u00bb background_image_as_pattern=\u00bbwithout_pattern\u00bb][vc_column][vc_empty_space height=\u00bb40&#8243;][\/vc_column][\/vc_row][vc_row css_animation=\u00bb\u00bb row_type=\u00bbrow\u00bb use_row_as_full_screen_section=\u00bbno\u00bb type=\u00bbgrid\u00bb angled_section=\u00bbno\u00bb text_align=\u00bbleft\u00bb background_image_as_pattern=\u00bbwithout_pattern\u00bb z_index=\u00bb\u00bb][vc_column width=\u00bb7\/12&#8243;][vc_empty_space height=\u00bb80&#8243;][\/vc_column][vc_column width=\u00bb5\/12&#8243;][\/vc_column][\/vc_row][vc_row css_animation=\u00bb\u00bb row_type=\u00bbrow\u00bb use_row_as_full_screen_section=\u00bbno\u00bb type=\u00bbfull_width\u00bb angled_section=\u00bbno\u00bb text_align=\u00bbleft\u00bb background_image_as_pattern=\u00bbwithout_pattern\u00bb][vc_column][vc_empty_space height=\u00bb80&#8243;][\/vc_column][\/vc_row]<\/p>\n","protected":false},"author":3,"featured_media":0,"parent":0,"menu_order":0,"comment_status":"closed","ping_status":"closed","template":"full_width.php","meta":{"inline_featured_image":false,"footnotes":"","_links_to":"","_links_to_target":""},"class_list":["post-17488","page","type-page","status-publish","hentry"],"_links":{"self":[{"href":"https:\/\/genesis-biomed.com\/es\/wp-json\/wp\/v2\/pages\/17488","targetHints":{"allow":["GET"]}}],"collection":[{"href":"https:\/\/genesis-biomed.com\/es\/wp-json\/wp\/v2\/pages"}],"about":[{"href":"https:\/\/genesis-biomed.com\/es\/wp-json\/wp\/v2\/types\/page"}],"author":[{"embeddable":true,"href":"https:\/\/genesis-biomed.com\/es\/wp-json\/wp\/v2\/users\/3"}],"replies":[{"embeddable":true,"href":"https:\/\/genesis-biomed.com\/es\/wp-json\/wp\/v2\/comments?post=17488"}],"version-history":[{"count":6,"href":"https:\/\/genesis-biomed.com\/es\/wp-json\/wp\/v2\/pages\/17488\/revisions"}],"predecessor-version":[{"id":17594,"href":"https:\/\/genesis-biomed.com\/es\/wp-json\/wp\/v2\/pages\/17488\/revisions\/17594"}],"wp:attachment":[{"href":"https:\/\/genesis-biomed.com\/es\/wp-json\/wp\/v2\/media?parent=17488"}],"curies":[{"name":"wp","href":"https:\/\/api.w.org\/{rel}","templated":true}]}}