{"id":17471,"date":"2021-01-28T17:52:14","date_gmt":"2021-01-28T16:52:14","guid":{"rendered":"https:\/\/genesis-biomed.com\/?page_id=17471"},"modified":"2021-07-12T09:36:34","modified_gmt":"2021-07-12T07:36:34","slug":"scientific-advisory-board","status":"publish","type":"page","link":"https:\/\/genesis-biomed.com\/es\/scientific-advisory-board\/","title":{"rendered":"Scientific Advisory Board"},"content":{"rendered":"<div class=\"wpb-content-wrapper\"><p>[vc_row css_animation=\u00bb\u00bb row_type=\u00bbrow\u00bb use_row_as_full_screen_section=\u00bbno\u00bb type=\u00bbfull_width\u00bb angled_section=\u00bbno\u00bb text_align=\u00bbleft\u00bb background_image_as_pattern=\u00bbwithout_pattern\u00bb][vc_column][vc_empty_space height=\u00bb80&#8243;][\/vc_column][\/vc_row][vc_row css_animation=\u00bb\u00bb row_type=\u00bbrow\u00bb use_row_as_full_screen_section=\u00bbyes\u00bb type=\u00bbfull_width\u00bb angled_section=\u00bbno\u00bb text_align=\u00bbleft\u00bb background_image_as_pattern=\u00bbwithout_pattern\u00bb z_index=\u00bb\u00bb css=\u00bb.vc_custom_1612197230410{padding-right: 120px !important;padding-left: 120px !important;}\u00bb][vc_column width=\u00bb1\/6&#8243; offset=\u00bbvc_hidden-sm vc_hidden-xs\u00bb][vc_column_text]<\/p>\n<h6><span style=\"color: #0070c0; font-size: 10pt;\">ONCOLOG\u00cdA<\/span><\/h6>\n<p>[\/vc_column_text][vc_empty_space height=\u00bb10px\u00bb][vc_single_image image=\u00bb15858&#8243; img_size=\u00bbfull\u00bb alignment=\u00bbcenter\u00bb onclick=\u00bbcustom_link\u00bb qode_css_animation=\u00bb\u00bb qode_hover_animation=\u00bbdarken\u00bb link=\u00bb#tabernero\u00bb][vc_empty_space height=\u00bb10px\u00bb][vc_column_text]<\/p>\n<h6><span style=\"font-size: 8pt;\">Josep <span style=\"color: #0070c0;\">Tabernero<\/span><\/span><\/h6>\n<p>[\/vc_column_text][\/vc_column][vc_column width=\u00bb1\/6&#8243; offset=\u00bbvc_hidden-sm vc_hidden-xs\u00bb][vc_column_text]<\/p>\n<h6><span style=\"color: #0070c0; font-size: 10pt;\">ENFERMEDADES INFECCIOSAS<\/span><\/h6>\n<p>[\/vc_column_text][vc_empty_space height=\u00bb10px\u00bb][vc_single_image image=\u00bb15859&#8243; img_size=\u00bbfull\u00bb alignment=\u00bbcenter\u00bb onclick=\u00bbcustom_link\u00bb qode_css_animation=\u00bb\u00bb qode_hover_animation=\u00bbdarken\u00bb link=\u00bb#canton\u00bb][vc_empty_space height=\u00bb10px\u00bb][vc_column_text]<\/p>\n<h6><span style=\"font-size: 8pt;\">Rafael <span style=\"color: #0070c0;\">Cant\u00f3n<\/span><\/span><\/h6>\n<p>[\/vc_column_text][\/vc_column][vc_column width=\u00bb1\/6&#8243; offset=\u00bbvc_hidden-sm vc_hidden-xs\u00bb][vc_column_text]<\/p>\n<h6><span style=\"font-size: 10pt;\"><span style=\"color: #0070c0;\">CARDIOVASCULAR<\/span><\/span><\/h6>\n<p>[\/vc_column_text][vc_empty_space height=\u00bb10px\u00bb][vc_single_image image=\u00bb15860&#8243; img_size=\u00bbfull\u00bb alignment=\u00bbcenter\u00bb onclick=\u00bbcustom_link\u00bb qode_css_animation=\u00bb\u00bb qode_hover_animation=\u00bbdarken\u00bb link=\u00bb#fernandez\u00bb][vc_empty_space height=\u00bb10px\u00bb][vc_column_text]<\/p>\n<h6><span style=\"font-size: 8pt;\">Francisco <span style=\"color: #0070c0;\">Fern\u00e1ndez Avil\u00e9s<\/span><\/span><\/h6>\n<p>[\/vc_column_text][\/vc_column][vc_column width=\u00bb1\/6&#8243; offset=\u00bbvc_hidden-sm vc_hidden-xs\u00bb][vc_column_text]<\/p>\n<h6><span style=\"font-size: 10pt; color: #0070c0;\">HEPATOLOG\u00cdA<\/span><\/h6>\n<p>[\/vc_column_text][vc_empty_space height=\u00bb10px\u00bb][vc_single_image image=\u00bb15868&#8243; img_size=\u00bbfull\u00bb alignment=\u00bbcenter\u00bb onclick=\u00bbcustom_link\u00bb qode_css_animation=\u00bb\u00bb qode_hover_animation=\u00bbdarken\u00bb link=\u00bb#gines\u00bb][vc_empty_space height=\u00bb10px\u00bb][vc_column_text]<\/p>\n<h6><span style=\"font-size: 8pt;\">Pere <span style=\"color: #0070c0;\">Gin\u00e8s<\/span><\/span><\/h6>\n<p>[\/vc_column_text][\/vc_column][vc_column width=\u00bb1\/6&#8243; offset=\u00bbvc_hidden-sm vc_hidden-xs\u00bb][vc_column_text]<\/p>\n<h6><span style=\"font-size: 10pt;\"><span style=\"color: #0070c0;\">ENDOCRINOLOG\u00cdA<\/span><\/span><\/h6>\n<p>[\/vc_column_text][vc_empty_space height=\u00bb10px\u00bb][vc_single_image image=\u00bb15862&#8243; img_size=\u00bbfull\u00bb alignment=\u00bbcenter\u00bb onclick=\u00bbcustom_link\u00bb qode_css_animation=\u00bb\u00bb qode_hover_animation=\u00bbdarken\u00bb link=\u00bb#simo\u00bb][vc_empty_space height=\u00bb10px\u00bb][vc_column_text]<\/p>\n<h6><span style=\"font-size: 8pt;\">Rafael <span style=\"color: #0070c0;\">Sim\u00f3<\/span><\/span><\/h6>\n<p>[\/vc_column_text][\/vc_column][vc_column width=\u00bb1\/6&#8243;][vc_empty_space height=\u00bb10px\u00bb][vc_empty_space height=\u00bb10px\u00bb][\/vc_column][vc_column width=\u00bb1\/6&#8243;][\/vc_column][\/vc_row][vc_row css_animation=\u00bb\u00bb row_type=\u00bbrow\u00bb use_row_as_full_screen_section=\u00bbno\u00bb type=\u00bbgrid\u00bb angled_section=\u00bbno\u00bb text_align=\u00bbleft\u00bb background_image_as_pattern=\u00bbwithout_pattern\u00bb z_index=\u00bb\u00bb][vc_column][vc_separator type=\u00bbnormal\u00bb color=\u00bb#7f7f7f\u00bb thickness=\u00bb1&#8243; up=\u00bb60&#8243;][vc_column_text]<a name=\"tabernero\"><\/a>[\/vc_column_text][vc_empty_space height=\u00bb100&#8243;][\/vc_column][\/vc_row][vc_row css_animation=\u00bb\u00bb row_type=\u00bbrow\u00bb use_row_as_full_screen_section=\u00bbno\u00bb type=\u00bbgrid\u00bb angled_section=\u00bbno\u00bb text_align=\u00bbleft\u00bb background_image_as_pattern=\u00bbwithout_pattern\u00bb z_index=\u00bb\u00bb][vc_column width=\u00bb1\/3&#8243;][vc_single_image image=\u00bb15858&#8243; img_size=\u00bbfull\u00bb qode_css_animation=\u00bb\u00bb][\/vc_column][vc_column width=\u00bb2\/3&#8243;][vc_column_text]<\/p>\n<h3 style=\"color: #0070c0;\">Dr. Josep Tabernero<\/h3>\n<h4 style=\"font-size: 14px;\"><em>Presidente del Consejo &#8211; Experto en Oncolog\u00eda<\/em><\/h4>\n<p>[\/vc_column_text][vc_empty_space height=\u00bb25&#8243;][vc_column_text]<strong>Jefe del Departamento de Oncolog\u00eda M\u00e9dica del Hospital Universitari Vall d\u2019Hebron (HUVH). Director del Instituto de Investigaciones Oncol\u00f3gicas del Hospital Universitario Vall d\u2019Hebron.<\/strong><\/p>\n<p><strong>\u00a0<\/strong>[\/vc_column_text][vc_empty_space height=\u00bb25&#8243;][vc_column_text]El Dr. Tabernero es responsable de la Unidad de Terapia Molecular del C\u00e1ncer del HUVH. Miembro del Comit\u00e9 de Tumores del HUVH desde su creaci\u00f3n. Participa activamente en la investigaci\u00f3n traslacional y en estudios farmacocin\u00e9ticos y farmacodin\u00e1micos de nuevos f\u00e1rmacos antineopl\u00e1sicos. Es catedr\u00e1tico de Medicina de la Universitat Aut\u00f2noma de Barcelona.[\/vc_column_text][vc_empty_space height=\u00bb15&#8243;][vc_column_text]Presidente de la Sociedad Espa\u00f1ola de Oncolog\u00eda durante 2018-2019. Es miembro del Comit\u00e9 Directivo de la Sociedad Europea de Oncolog\u00eda M\u00e9dica y de la Sociedad Americana de Oncolog\u00eda Cl\u00ednica. Pertenece al Consejo de Redacci\u00f3n de las principales revistas oncol\u00f3gicas. Ha recibido varios premios, entre ellos el Premio a la Carrera Cient\u00edfica e Investigadora de la Acad\u00e8mia de Ci\u00e8ncies M\u00e8diques i de la Salut de Catalunya i de Balears, y es coautor de m\u00e1s de 470 art\u00edculos cient\u00edficos internacionales con un factor de impacto medio de 11.176 y un \u00edndice H de 82.[\/vc_column_text][\/vc_column][\/vc_row][vc_row css_animation=\u00bb\u00bb row_type=\u00bbrow\u00bb use_row_as_full_screen_section=\u00bbno\u00bb type=\u00bbgrid\u00bb angled_section=\u00bbno\u00bb text_align=\u00bbleft\u00bb background_image_as_pattern=\u00bbwithout_pattern\u00bb z_index=\u00bb\u00bb][vc_column][vc_separator type=\u00bbnormal\u00bb color=\u00bb#7f7f7f\u00bb thickness=\u00bb1&#8243; up=\u00bb60&#8243;][vc_column_text]<a name=\"canton\"><\/a>[\/vc_column_text][vc_empty_space height=\u00bb100&#8243;][\/vc_column][\/vc_row][vc_row css_animation=\u00bb\u00bb row_type=\u00bbrow\u00bb use_row_as_full_screen_section=\u00bbno\u00bb type=\u00bbgrid\u00bb angled_section=\u00bbno\u00bb text_align=\u00bbleft\u00bb background_image_as_pattern=\u00bbwithout_pattern\u00bb z_index=\u00bb\u00bb][vc_column width=\u00bb1\/3&#8243;][vc_single_image image=\u00bb15859&#8243; img_size=\u00bbfull\u00bb qode_css_animation=\u00bb\u00bb][\/vc_column][vc_column width=\u00bb2\/3&#8243;][vc_column_text]<\/p>\n<h3 style=\"color: #0070c0;\">Dr. Rafael Cant\u00f3n<\/h3>\n<h4 style=\"font-size: 14px;\"><em>Experto en enfermedades infecciosas<\/em><\/h4>\n<p>[\/vc_column_text][vc_empty_space height=\u00bb25&#8243;][vc_column_text]<strong>Jefe del Departamento de Microbiolog\u00eda Cl\u00ednica del Hospital Universitario Ram\u00f3n y Cajal. Profesor asociado de Microbiolog\u00eda Cl\u00ednica de la Universidad Complutense de Madrid.<\/strong><\/p>\n<p><strong>\u00a0<\/strong>[\/vc_column_text][vc_empty_space height=\u00bb25&#8243;][vc_column_text]El Dr. Cant\u00f3n ha sido presidente de la Sociedad Espa\u00f1ola de Enfermedades Infecciosas y Microbiolog\u00eda Cl\u00ednica (SEIMC) (2015-2017) y presidente del Comit\u00e9 Europeo de Pruebas de Sensibilidad Antimicrobiana (EUCAST) (2012-2016). Actualmente es miembro del consejo cient\u00edfico asesor del Programa Conjunto Iniciativa de Resistencia Antimicrobiana (JPIAMR) de la Uni\u00f3n Europea, miembro del Comit\u00e9 Espa\u00f1ol de Antimicrobianos (COESANT) y Coordinador de Datos Cl\u00ednicos de EUCAST. Tambi\u00e9n es miembro activo de la Sociedad Europea de Microbiolog\u00eda Cl\u00ednica y Enfermedades Infecciosas (ESCMID). Pertenece al Consejo Editorial de varias revistas de Microbiolog\u00eda y es editor de los Procedimientos de Microbiolog\u00eda Cl\u00ednica de la SEIMC.[\/vc_column_text][vc_empty_space height=\u00bb25&#8243;][vc_column_text]Su trabajo cl\u00ednico y de investigaci\u00f3n se centra en los mecanismos de resistencia a los antimicrobianos, las pruebas de susceptibilidad a los antimicrobianos, las infecciones del tracto respiratorio \u2013principalmente en pacientes con fibrosis qu\u00edstica\u2013 y la interacci\u00f3n de la epidemiolog\u00eda y la resistencia clonal. Ha publicado m\u00e1s de 440 art\u00edculos en revistas m\u00e9dicas y 50 cap\u00edtulos en libros de ense\u00f1anza.[\/vc_column_text][\/vc_column][\/vc_row][vc_row css_animation=\u00bb\u00bb row_type=\u00bbrow\u00bb use_row_as_full_screen_section=\u00bbno\u00bb type=\u00bbgrid\u00bb angled_section=\u00bbno\u00bb text_align=\u00bbleft\u00bb background_image_as_pattern=\u00bbwithout_pattern\u00bb z_index=\u00bb\u00bb][vc_column][vc_separator type=\u00bbnormal\u00bb color=\u00bb#7f7f7f\u00bb thickness=\u00bb1&#8243; up=\u00bb60&#8243;][vc_column_text]<a name=\"fernandez\"><\/a>[\/vc_column_text][vc_empty_space height=\u00bb100&#8243;][\/vc_column][\/vc_row][vc_row css_animation=\u00bb\u00bb row_type=\u00bbrow\u00bb use_row_as_full_screen_section=\u00bbno\u00bb type=\u00bbgrid\u00bb angled_section=\u00bbno\u00bb text_align=\u00bbleft\u00bb background_image_as_pattern=\u00bbwithout_pattern\u00bb z_index=\u00bb\u00bb][vc_column width=\u00bb1\/3&#8243;][vc_single_image image=\u00bb15860&#8243; img_size=\u00bbfull\u00bb qode_css_animation=\u00bb\u00bb][\/vc_column][vc_column width=\u00bb2\/3&#8243;][vc_column_text]<\/p>\n<h3 style=\"color: #0070c0;\">Dr. Francisco Fern\u00e1ndez Avil\u00e9s<\/h3>\n<h4 style=\"font-size: 14px;\"><em>Experto en Cardiolog\u00eda<\/em><\/h4>\n<p>[\/vc_column_text][vc_empty_space height=\u00bb25&#8243;][vc_column_text]<strong>Catedr\u00e1tico de Medicina Cardiovascular de la Universidad Complutense (UCM); Presidente del Departamento de Cardiolog\u00eda del Hospital Universitario Gregorio Mara\u00f1\u00f3n de Madrid. Director Cient\u00edfico de la Red Espa\u00f1ola de Centros de Investigaci\u00f3n Cardiovascular (CIBERCV).<\/strong>[\/vc_column_text][vc_empty_space height=\u00bb25&#8243;][vc_column_text]El Dr. Fern\u00e1ndez-Avil\u00e9s lidera uno de los grupos m\u00e1s grandes y productivos de la medicina espa\u00f1ola y, como Director Cient\u00edfico del CIBERCV, coordina los mejores grupos de investigaci\u00f3n cardiovascular b\u00e1sica y cl\u00ednica de Espa\u00f1a. Junto a sus responsabilidades institucionales y organizativas, compagina una intensa actividad cl\u00ednica y acad\u00e9mica. Su investigaci\u00f3n se centra en la protecci\u00f3n y regeneraci\u00f3n del miocardio da\u00f1ado. Ha recibido varios premios y ha publicado m\u00e1s de 700 art\u00edculos en revistas cient\u00edficas, res\u00famenes y cap\u00edtulos de libros, con un factor de impacto total de 1.703,02, un \u00edndice de citas acumulativo de 13.727 y un \u00edndice H de 42.[\/vc_column_text][vc_empty_space height=\u00bb15&#8243;][vc_column_text]Participa activamente en diversos organismos p\u00fablicos y privados nacionales e internacionales como experto en la planificaci\u00f3n y evaluaci\u00f3n de la actividad asistencial, docente e investigadora. Es miembro del American College of Cardiology, la American Heart Association y la European Society of Cardiology y pertenece al Comit\u00e9 Editorial de las principales revistas cardiovasculares internacionales.[\/vc_column_text][\/vc_column][\/vc_row][vc_row css_animation=\u00bb\u00bb row_type=\u00bbrow\u00bb use_row_as_full_screen_section=\u00bbno\u00bb type=\u00bbgrid\u00bb angled_section=\u00bbno\u00bb text_align=\u00bbleft\u00bb background_image_as_pattern=\u00bbwithout_pattern\u00bb z_index=\u00bb\u00bb][vc_column][vc_separator type=\u00bbnormal\u00bb color=\u00bb#7f7f7f\u00bb thickness=\u00bb1&#8243; up=\u00bb60&#8243;][vc_column_text]<a name=\"gines\"><\/a>[\/vc_column_text][vc_empty_space height=\u00bb100&#8243;][\/vc_column][\/vc_row][vc_row css_animation=\u00bb\u00bb row_type=\u00bbrow\u00bb use_row_as_full_screen_section=\u00bbno\u00bb type=\u00bbgrid\u00bb angled_section=\u00bbno\u00bb text_align=\u00bbleft\u00bb background_image_as_pattern=\u00bbwithout_pattern\u00bb z_index=\u00bb\u00bb][vc_column width=\u00bb1\/3&#8243;][vc_single_image image=\u00bb15868&#8243; img_size=\u00bbfull\u00bb qode_css_animation=\u00bb\u00bb][\/vc_column][vc_column width=\u00bb2\/3&#8243;][vc_column_text]<\/p>\n<h3 style=\"color: #0070c0;\">Dr. Pere Gin\u00e8s<\/h3>\n<h4 style=\"font-size: 14px;\"><em>Experto en Hepatolog\u00eda<\/em><\/h4>\n<p>[\/vc_column_text][vc_empty_space height=\u00bb25&#8243;][vc_column_text]<strong>Presidente de la Unidad de H\u00edgado, Hospital Cl\u00ednic Barcelona. Catedr\u00e1tico de Medicina de la Universidad de Barcelona. Director de Trasplante de H\u00edgado. Jefe de Grupo de Investigaci\u00f3n, IDIBAPS y CIBEReHD.<\/strong><\/p>\n<p><strong>\u00a0<\/strong>[\/vc_column_text][vc_empty_space height=\u00bb25&#8243;][vc_column_text]El Dr. Gin\u00e8s es miembro fundador y actual de consorcios internacionales de investigaci\u00f3n como el Consorcio EASL CLIF y el Consorcio LIVERSCREEN. Participa como revisor de varios Consejos de Evaluaci\u00f3n nacionales e internacionales y ha sido profesor invitado en facultades de medicina ubicadas en Europa y Am\u00e9rica.[\/vc_column_text][vc_empty_space height=\u00bb15&#8243;][vc_column_text]Su investigaci\u00f3n se centra en enfermedades hep\u00e1ticas como la cirrosis, la enfermedad hep\u00e1tica cr\u00f3nica o la enfermedad del h\u00edgado graso no alcoh\u00f3lico, as\u00ed como disfunci\u00f3n e insuficiencia renal y biomarcadores en enfermedad hep\u00e1tica. Es coautor de m\u00e1s de 760 art\u00edculos cient\u00edficos internacionales con un \u00edndice de citas acumulativo de 29.747 y un \u00edndice H de 92. Ha recaudado m\u00e1s de 11 M\u20ac en fondos p\u00fablicos y privados para su investigaci\u00f3n y ha recibido varios premios por su trayectoria cient\u00edfica.[\/vc_column_text][\/vc_column][\/vc_row][vc_row css_animation=\u00bb\u00bb row_type=\u00bbrow\u00bb use_row_as_full_screen_section=\u00bbno\u00bb type=\u00bbgrid\u00bb angled_section=\u00bbno\u00bb text_align=\u00bbleft\u00bb background_image_as_pattern=\u00bbwithout_pattern\u00bb z_index=\u00bb\u00bb][vc_column][vc_separator type=\u00bbnormal\u00bb color=\u00bb#7f7f7f\u00bb thickness=\u00bb1&#8243; up=\u00bb60&#8243;][vc_column_text]<a name=\"simo\"><\/a>[\/vc_column_text][vc_empty_space height=\u00bb100&#8243;][\/vc_column][\/vc_row][vc_row css_animation=\u00bb\u00bb row_type=\u00bbrow\u00bb use_row_as_full_screen_section=\u00bbno\u00bb type=\u00bbgrid\u00bb angled_section=\u00bbno\u00bb text_align=\u00bbleft\u00bb background_image_as_pattern=\u00bbwithout_pattern\u00bb z_index=\u00bb\u00bb][vc_column width=\u00bb1\/3&#8243;][vc_single_image image=\u00bb15862&#8243; img_size=\u00bbfull\u00bb qode_css_animation=\u00bb\u00bb][\/vc_column][vc_column width=\u00bb2\/3&#8243;][vc_column_text]<\/p>\n<h3 style=\"color: #0070c0;\">Dr Rafael Sim\u00f3<\/h3>\n<h4 style=\"font-size: 14px;\"><em>Experto en Endocrinolog\u00eda<\/em><\/h4>\n<p>[\/vc_column_text][vc_empty_space height=\u00bb25&#8243;][vc_column_text]<strong>Jefe de la Divisi\u00f3n de Endocrinolog\u00eda y Nutrici\u00f3n del Hospital Universitari Vall d\u2019Hebron. Director de la Unidad de Investigaci\u00f3n en Diabetes y Metabolismo del Vall d\u2019Hebron Institut de Recerca (VHIR). Catedr\u00e1tico de Medicina y Endocrinolog\u00eda de la Universitat Aut\u00f2noma de Barcelona; Subdirector de Investigaci\u00f3n Cl\u00ednica del VHIR.<\/strong><\/p>\n<p><strong>\u00a0<\/strong>[\/vc_column_text][vc_empty_space height=\u00bb25&#8243;][vc_column_text]El Dr. Sim\u00f3 es el Coordinador del Consorcio Europeo para el Tratamiento Precoz de la Retinopat\u00eda Diab\u00e9tica (EUROCONDOR). Este consorcio ha sido financiado por la CE para desarrollar el primer ensayo cl\u00ednico con agentes neuroprotectores administrados t\u00f3picamente para prevenir o detener el desarrollo de la retinopat\u00eda diab\u00e9tica. Adem\u00e1s, el Dr. Sim\u00f3 es Diabet\u00f3logo del Comit\u00e9 de Expertos en Retinopat\u00eda Diab\u00e9tica y Enfermedades Vasculares de EVICR.net (European Vision Clinical Research).[\/vc_column_text][vc_empty_space height=\u00bb15&#8243;][vc_column_text]El Dr. Sim\u00f3 es el actual presidente de la Asociaci\u00f3n Europea para el Estudio de la Diabetes-Complicaciones Oculares (EASD-ec), y es reconocido mundialmente por sus contribuciones a la fisiopatolog\u00eda de las complicaciones diab\u00e9ticas, en particular la retinopat\u00eda diab\u00e9tica. El Dr. Sim\u00f3 ha recibido varios premios por su carrera cient\u00edfica e investigadora y es autor de m\u00e1s de 250 art\u00edculos relacionados con la diabetes que se han publicado en revistas revisadas por pares de alto perfil (\u00edndice H 49), adem\u00e1s de 14 cap\u00edtulos de libros. Ha participado en 25 proyectos de investigaci\u00f3n relacionados con la retinopat\u00eda diab\u00e9tica y en 38 proyectos relacionados con la diabetes cl\u00ednica.[\/vc_column_text][\/vc_column][\/vc_row][vc_row css_animation=\u00bb\u00bb row_type=\u00bbrow\u00bb use_row_as_full_screen_section=\u00bbno\u00bb type=\u00bbgrid\u00bb angled_section=\u00bbno\u00bb text_align=\u00bbleft\u00bb background_image_as_pattern=\u00bbwithout_pattern\u00bb z_index=\u00bb\u00bb][vc_column][vc_separator type=\u00bbnormal\u00bb color=\u00bb#7f7f7f\u00bb thickness=\u00bb1&#8243; up=\u00bb60&#8243;][vc_column_text]<\/p>\n<div id=\"triquell\"><\/div>\n<p>[\/vc_column_text][vc_empty_space height=\u00bb100&#8243;][\/vc_column][\/vc_row][vc_row css_animation=\u00bb\u00bb row_type=\u00bbrow\u00bb use_row_as_full_screen_section=\u00bbno\u00bb type=\u00bbfull_width\u00bb angled_section=\u00bbno\u00bb text_align=\u00bbleft\u00bb background_image_as_pattern=\u00bbwithout_pattern\u00bb][vc_column][vc_empty_space height=\u00bb120&#8243;][\/vc_column][\/vc_row]<\/p>\n<\/div>","protected":false},"excerpt":{"rendered":"<p>[vc_row css_animation=\u00bb\u00bb row_type=\u00bbrow\u00bb use_row_as_full_screen_section=\u00bbno\u00bb type=\u00bbfull_width\u00bb angled_section=\u00bbno\u00bb text_align=\u00bbleft\u00bb background_image_as_pattern=\u00bbwithout_pattern\u00bb][vc_column][vc_empty_space height=\u00bb80&#8243;][\/vc_column][\/vc_row][vc_row css_animation=\u00bb\u00bb row_type=\u00bbrow\u00bb use_row_as_full_screen_section=\u00bbyes\u00bb type=\u00bbfull_width\u00bb angled_section=\u00bbno\u00bb text_align=\u00bbleft\u00bb background_image_as_pattern=\u00bbwithout_pattern\u00bb z_index=\u00bb\u00bb css=\u00bb.vc_custom_1612197230410{padding-right: 120px !important;padding-left: 120px !important;}\u00bb][vc_column width=\u00bb1\/6&#8243; offset=\u00bbvc_hidden-sm vc_hidden-xs\u00bb][vc_column_text] ONCOLOG\u00cdA [\/vc_column_text][vc_empty_space height=\u00bb10px\u00bb][vc_single_image image=\u00bb15858&#8243; img_size=\u00bbfull\u00bb alignment=\u00bbcenter\u00bb onclick=\u00bbcustom_link\u00bb qode_css_animation=\u00bb\u00bb qode_hover_animation=\u00bbdarken\u00bb link=\u00bb#tabernero\u00bb][vc_empty_space height=\u00bb10px\u00bb][vc_column_text] Josep Tabernero [\/vc_column_text][\/vc_column][vc_column width=\u00bb1\/6&#8243; offset=\u00bbvc_hidden-sm vc_hidden-xs\u00bb][vc_column_text] ENFERMEDADES INFECCIOSAS [\/vc_column_text][vc_empty_space&#8230;<\/p>\n","protected":false},"author":3,"featured_media":0,"parent":0,"menu_order":0,"comment_status":"closed","ping_status":"closed","template":"full_width.php","meta":{"inline_featured_image":false,"footnotes":"","_links_to":"","_links_to_target":""},"class_list":["post-17471","page","type-page","status-publish","hentry"],"_links":{"self":[{"href":"https:\/\/genesis-biomed.com\/es\/wp-json\/wp\/v2\/pages\/17471","targetHints":{"allow":["GET"]}}],"collection":[{"href":"https:\/\/genesis-biomed.com\/es\/wp-json\/wp\/v2\/pages"}],"about":[{"href":"https:\/\/genesis-biomed.com\/es\/wp-json\/wp\/v2\/types\/page"}],"author":[{"embeddable":true,"href":"https:\/\/genesis-biomed.com\/es\/wp-json\/wp\/v2\/users\/3"}],"replies":[{"embeddable":true,"href":"https:\/\/genesis-biomed.com\/es\/wp-json\/wp\/v2\/comments?post=17471"}],"version-history":[{"count":23,"href":"https:\/\/genesis-biomed.com\/es\/wp-json\/wp\/v2\/pages\/17471\/revisions"}],"predecessor-version":[{"id":18372,"href":"https:\/\/genesis-biomed.com\/es\/wp-json\/wp\/v2\/pages\/17471\/revisions\/18372"}],"wp:attachment":[{"href":"https:\/\/genesis-biomed.com\/es\/wp-json\/wp\/v2\/media?parent=17471"}],"curies":[{"name":"wp","href":"https:\/\/api.w.org\/{rel}","templated":true}]}}